{"id":1098,"date":"2025-11-10T09:03:33","date_gmt":"2025-11-10T08:03:33","guid":{"rendered":"https:\/\/www.anduslim.com\/allgemeine-geschaeftsbedingungen\/"},"modified":"2025-12-17T14:16:33","modified_gmt":"2025-12-17T13:16:33","slug":"allgemeine-geschaeftsbedingungen","status":"publish","type":"page","link":"https:\/\/www.anduslim.com\/de\/allgemeine-geschaeftsbedingungen\/","title":{"rendered":"Allgemeine Gesch\u00e4ftsbedingungen"},"content":{"rendered":"\n<p>Diese Allgemeinen Gesch\u00e4ftsbedingungen regeln die Nutzung der Website von Home Health Products Group unter <a href=\"https:\/\/www.anduslim.com\/de\/\">anduslim.com<\/a>. Durch den Zugriff auf diese Website erkl\u00e4ren Sie sich mit diesen Bedingungen einverstanden. Verwenden Sie andufit.com nicht weiter, wenn Sie nicht allen auf dieser Seite aufgef\u00fchrten Bedingungen zustimmen.  <\/p>\n\n<h4 class=\"wp-block-heading has-text-color has-link-color wp-elements-2891535fcf24367417954a8dfa64de2e\" style=\"color:#3db7b0\">Cookies<\/h4>\n\n<p>Unsere Website verwendet Cookies, um Ihre Online-Erfahrung zu personalisieren. Durch den Zugriff auf andufit.com erkl\u00e4ren Sie sich mit der Verwendung der erforderlichen Cookies einverstanden. Ein Cookie ist eine Textdatei, die von einem Webseitenserver auf Ihrer Festplatte abgelegt wird. Cookies k\u00f6nnen keine Programme ausf\u00fchren oder Viren auf Ihren Computer \u00fcbertragen. Cookies sind Ihnen eindeutig zugeordnet und k\u00f6nnen nur von einem Webserver in der Dom\u00e4ne gelesen werden, die Ihnen das Cookie ausgestellt hat. Wir k\u00f6nnen Cookies verwenden, um Informationen f\u00fcr statistische oder Marketingzwecke zu sammeln, zu speichern und zu verfolgen, um unsere Website zu betreiben. Sie k\u00f6nnen optionale Cookies akzeptieren oder ablehnen. Einige erforderliche Cookies sind f\u00fcr den Betrieb unserer Website notwendig. F\u00fcr diese Cookies ist Ihre Zustimmung nicht erforderlich, da sie immer funktionieren. Beachten Sie, dass Sie durch die Annahme erforderlicher Cookies auch Cookies von Drittanbietern akzeptieren, die \u00fcber in unsere Website integrierte Dienste von Drittanbietern verwendet werden k\u00f6nnen, wie z. B. ein Videowiedergabefenster von Drittanbietern.         <\/p>\n\n<h4 class=\"wp-block-heading has-text-color has-link-color wp-elements-929f890d0b4ea594cd0855cb8f912f68\" style=\"color:#3db7b0\">Lizenz<\/h4>\n\n<p>Sofern nicht anders angegeben, besitzen Home Health Products Group und\/oder seine Lizenzgeber die geistigen Eigentumsrechte f\u00fcr das gesamte Material auf andufit.com. Alle geistigen Eigentumsrechte sind vorbehalten. Sie d\u00fcrfen von andufit.com f\u00fcr Ihren pers\u00f6nlichen Gebrauch darauf zugreifen, vorbehaltlich der in diesen Bedingungen festgelegten Einschr\u00e4nkungen.  <\/p>\n\n<p>Sie d\u00fcrfen nicht:<\/p>\n\n<ul class=\"wp-block-list\">\n<li>Material von andufit.com erneut ver\u00f6ffentlichen<\/li>\n\n\n\n<li>Material von andufit.com verkaufen, vermieten oder unterlizenzieren<\/li>\n\n\n\n<li>Material von andufit.com reproduzieren, duplizieren oder kopieren<\/li>\n\n\n\n<li>Inhalte von andufit.com weiterverbreiten<\/li>\n<\/ul>\n\n<p>Diese Vereinbarung beginnt mit dem heutigen Datum.<\/p>\n\n<p>Teile dieser Website bieten Nutzern die M\u00f6glichkeit, Meinungen und Informationen in bestimmten Bereichen zu ver\u00f6ffentlichen und auszutauschen. Home Health Products Group filtert, bearbeitet, ver\u00f6ffentlicht oder \u00fcberpr\u00fcft Kommentare nicht, bevor sie auf der Website erscheinen. Kommentare spiegeln nicht die Ansichten und Meinungen von Home Health Products Group, ihren Vertretern und\/oder verbundenen Unternehmen wider. Kommentare spiegeln die Ansichten und Meinungen der Person wider, die sie ver\u00f6ffentlicht. Soweit dies nach geltendem Recht zul\u00e4ssig ist, haftet Home Health Products Group nicht f\u00fcr die Kommentare oder f\u00fcr jegliche Haftung, Sch\u00e4den oder Ausgaben, die durch die Nutzung und\/oder Ver\u00f6ffentlichung und\/oder das Erscheinen der Kommentare auf dieser Website verursacht und\/oder erlitten werden.    <\/p>\n\n<h4 class=\"wp-block-heading has-text-color has-link-color wp-elements-33343979d117222ad5d4ef646bcad262\" style=\"color:#3db7b0\">Hyperlinks<\/h4>\n\n<p>Bestimmte Organisationen d\u00fcrfen ohne vorherige schriftliche Genehmigung auf unsere Website verlinken, darunter:<\/p>\n\n<ul class=\"wp-block-list\">\n<li>Regierungsbeh\u00f6rden<\/li>\n\n\n\n<li>Suchmaschinen<\/li>\n\n\n\n<li>Nachrichtenorganisationen<\/li>\n\n\n\n<li>Online-Verzeichnisverteiler<\/li>\n\n\n\n<li>Akkreditierte Unternehmen, mit Ausnahme von werbenden gemeinn\u00fctzigen Organisationen, Wohlt\u00e4tigkeits-Einkaufszentren und Wohlt\u00e4tigkeits-Spendenaktionen<\/li>\n<\/ul>\n\n<p>Andere Verlinkungsanfragen werden von Fall zu Fall gepr\u00fcft.<\/p>\n\n<h4 class=\"wp-block-heading has-text-color has-link-color wp-elements-beeb6e6effc86fba29b40a8d27ef0eab\" style=\"color:#3db7b0\">Haftung f\u00fcr Inhalte<\/h4>\n\n<p>Wir sind nicht verantwortlich f\u00fcr Inhalte, die auf Ihrer Website erscheinen. Sie erkl\u00e4ren sich damit einverstanden, uns gegen alle Anspr\u00fcche zu sch\u00fctzen und zu verteidigen, die sich aus Ihrer Website ergeben. Es d\u00fcrfen keine Links auf einer Website erscheinen, die als verleumderisch, obsz\u00f6n oder kriminell interpretiert werden k\u00f6nnen oder die Rechte Dritter verletzen oder anderweitig versto\u00dfen.  <\/p>\n\n<h4 class=\"wp-block-heading has-text-color has-link-color wp-elements-31092de99bad0529b26fe9043a27b348\" style=\"color:#3db7b0\">Haftungsausschluss<\/h4>\n\n<p>Soweit dies nach geltendem Recht zul\u00e4ssig ist, schlie\u00dfen wir alle Zusicherungen, Gew\u00e4hrleistungen und Bedingungen in Bezug auf unsere Website und die Nutzung dieser Website aus. Nichts in diesem Haftungsausschluss wird: <\/p>\n\n<ul class=\"wp-block-list\">\n<li>Unsere oder Ihre Haftung f\u00fcr Tod oder K\u00f6rperverletzung beschr\u00e4nken oder ausschlie\u00dfen<\/li>\n\n\n\n<li>Unsere oder Ihre Haftung f\u00fcr Betrug oder arglistige T\u00e4uschung beschr\u00e4nken oder ausschlie\u00dfen<\/li>\n\n\n\n<li>Jegliche Haftung ausschlie\u00dfen, die nach geltendem Recht nicht ausgeschlossen werden darf<\/li>\n<\/ul>\n\n<p>Solange die Website und die Informationen und Dienste auf der Website kostenlos zur Verf\u00fcgung gestellt werden, haften wir nicht f\u00fcr Verluste oder Sch\u00e4den jeglicher Art.<\/p>\n\n<p><\/p>\n","protected":false},"excerpt":{"rendered":"<p>Diese Allgemeinen Gesch\u00e4ftsbedingungen regeln die Nutzung der Website von Home Health Products Group unter anduslim.com. Durch den Zugriff auf diese Website erkl\u00e4ren Sie sich mit diesen Bedingungen einverstanden. Verwenden Sie andufit.com nicht weiter, wenn Sie nicht allen auf dieser Seite aufgef\u00fchrten Bedingungen zustimmen. Cookies Unsere Website verwendet Cookies, um Ihre Online-Erfahrung zu personalisieren. Durch den [&hellip;]<\/p>\n","protected":false},"author":2,"featured_media":0,"parent":0,"menu_order":0,"comment_status":"closed","ping_status":"closed","template":"","meta":{"footnotes":""},"class_list":["post-1098","page","type-page","status-publish","hentry"],"jetpack_sharing_enabled":true,"_links":{"self":[{"href":"https:\/\/www.anduslim.com\/de\/wp-json\/wp\/v2\/pages\/1098","targetHints":{"allow":["GET"]}}],"collection":[{"href":"https:\/\/www.anduslim.com\/de\/wp-json\/wp\/v2\/pages"}],"about":[{"href":"https:\/\/www.anduslim.com\/de\/wp-json\/wp\/v2\/types\/page"}],"author":[{"embeddable":true,"href":"https:\/\/www.anduslim.com\/de\/wp-json\/wp\/v2\/users\/2"}],"replies":[{"embeddable":true,"href":"https:\/\/www.anduslim.com\/de\/wp-json\/wp\/v2\/comments?post=1098"}],"version-history":[{"count":2,"href":"https:\/\/www.anduslim.com\/de\/wp-json\/wp\/v2\/pages\/1098\/revisions"}],"predecessor-version":[{"id":3394,"href":"https:\/\/www.anduslim.com\/de\/wp-json\/wp\/v2\/pages\/1098\/revisions\/3394"}],"wp:attachment":[{"href":"https:\/\/www.anduslim.com\/de\/wp-json\/wp\/v2\/media?parent=1098"}],"curies":[{"name":"wp","href":"https:\/\/api.w.org\/{rel}","templated":true}]}}