{"id":1142,"date":"2025-11-08T00:30:16","date_gmt":"2025-11-07T23:30:16","guid":{"rendered":"https:\/\/www.anduslim.com\/datenschutzerklaerung\/"},"modified":"2025-12-17T14:14:53","modified_gmt":"2025-12-17T13:14:53","slug":"datenschutzerklaerung","status":"publish","type":"page","link":"https:\/\/www.anduslim.com\/de\/datenschutzerklaerung\/","title":{"rendered":"Datenschutzrichtlinie"},"content":{"rendered":"\n<p>Die Website <a href=\"https:\/\/www.anduslim.com\/de\/\">anduslim.com<\/a> geh\u00f6rt der <strong>Home Health Products Group<\/strong>, einem Datenverantwortlichen f\u00fcr Ihre pers\u00f6nlichen Daten. Wir haben diese Datenschutzrichtlinie \u00fcbernommen, die erkl\u00e4rt, wie wir die von andufit.com gesammelten Informationen verarbeiten und warum wir bestimmte personenbezogene Daten \u00fcber Sie erfassen m\u00fcssen. Bitte lesen Sie diese Datenschutzrichtlinie, bevor Sie die Website andufit.com nutzen. Wir k\u00fcmmern uns um Ihre pers\u00f6nlichen Daten und gew\u00e4hrleisten deren Vertraulichkeit und Sicherheit.   <\/p>\n\n<h4 class=\"wp-block-heading has-text-color has-link-color wp-elements-59a7501e567718bbdb08dba56c001ed2\" style=\"color:#3db7b0\">Pers\u00f6nliche Informationen<\/h4>\n\n<p>Wenn Sie andufit.com besuchen, erfassen wir automatisch bestimmte Informationen \u00fcber Ihr Ger\u00e4t, einschlie\u00dflich Ihres Webbrowsers, Ihrer IP-Adresse, Ihrer Zeitzone und einiger der auf Ihrem Ger\u00e4t installierten Cookies. Wenn Sie die Website durchsuchen, erfassen wir au\u00dferdem Informationen \u00fcber die von Ihnen angesehenen Webseiten oder Produkte, die Websites oder Suchbegriffe, die Sie auf die Website verwiesen haben, und wie Sie mit der Website interagieren. Wir bezeichnen diese automatisch erfassten Informationen als &#8218;<g id=\"gid_0\">Ger\u00e4tedaten<\/g>&#8218;. Dar\u00fcber hinaus k\u00f6nnen wir die von Ihnen angegebenen pers\u00f6nlichen Daten (einschlie\u00dflich Ihres Vornamens, Nachnamens, Ihrer Adresse, Zahlungsdaten usw.) w\u00e4hrend der Registrierung erfassen, um unsere Vereinbarung zu erf\u00fcllen.   <\/p>\n\n<h4 class=\"wp-block-heading has-text-color has-link-color wp-elements-542f34806470ad8e192314762714f360\" style=\"color:#3db7b0\">Warum verarbeiten wir Ihre Daten?<\/h4>\n\n<p>Unsere oberste Priorit\u00e4t ist die Sicherheit der Kundendaten. Daher verarbeiten wir nur minimale Benutzerdaten, nur so viel, wie unbedingt erforderlich ist, um die Website zu betreiben. Die automatisch erfassten Informationen werden ausschlie\u00dflich verwendet, um potenzielle Missbrauchsf\u00e4lle zu identifizieren und statistische Informationen \u00fcber die Nutzung der Website zu sammeln. Diese statistischen Informationen werden nicht in einer Weise zusammengefasst, die einen bestimmten Benutzer identifizieren k\u00f6nnte. Sie k\u00f6nnen die Website besuchen, ohne Ihre Identit\u00e4t preiszugeben oder Informationen anzugeben, die Sie als Einzelperson identifizieren k\u00f6nnten. Wenn Sie jedoch einige Website-Funktionen nutzen, unseren Newsletter abonnieren oder andere Details \u00fcber ein Formular angeben m\u00f6chten, k\u00f6nnen Sie personenbezogene Daten wie Ihre E-Mail-Adresse, Ihren Vornamen, Ihren Nachnamen, Ihren Wohnort, Ihre Organisation und Ihre Telefonnummer angeben. Sie k\u00f6nnen w\u00e4hlen, keine personenbezogenen Daten anzugeben, aber dies kann Ihre F\u00e4higkeit einschr\u00e4nken, einige Website-Funktionen zu nutzen, z. B. Newsletter zu erhalten oder uns direkt zu kontaktieren. Benutzer, die sich nicht sicher sind, welche Informationen erforderlich sind, k\u00f6nnen uns unter <a href=\"mailto:info@anduslim.com\">info@anduslim.com<\/a> kontaktieren.       <\/p>\n\n<h4 class=\"wp-block-heading has-text-color has-link-color wp-elements-f0f280972567bb95bc275bd9d207bcb1\" style=\"color:#3db7b0\">Ihre Rechte<\/h4>\n\n<p>Wenn Sie aus Europa kommen, haben Sie die folgenden Rechte in Bezug auf Ihre pers\u00f6nlichen Daten:<\/p>\n\n<ul class=\"wp-block-list\">\n<li>Das Recht auf Information.<\/li>\n\n\n\n<li>Das Recht auf Zugang.<\/li>\n\n\n\n<li>Das Recht auf Berichtigung.<\/li>\n\n\n\n<li>Das Recht auf L\u00f6schung.<\/li>\n\n\n\n<li>Das Recht auf Einschr\u00e4nkung der Verarbeitung.<\/li>\n\n\n\n<li>Das Recht auf Daten\u00fcbertragbarkeit.<\/li>\n\n\n\n<li>Das Recht auf Widerspruch.<\/li>\n\n\n\n<li>Rechte in Bezug auf automatisierte Entscheidungsfindung und Profilerstellung.<\/li>\n<\/ul>\n\n<p>Um diese Rechte auszu\u00fcben, kontaktieren Sie uns unter den unten angegebenen Details. Wenn Sie aus Europa kommen, weisen wir darauf hin, dass wir Ihre Daten verarbeiten, um Vertr\u00e4ge zu erf\u00fcllen, die wir m\u00f6glicherweise mit Ihnen haben (z. B. wenn Sie eine Bestellung \u00fcber die Website aufgeben), oder um unsere berechtigten Gesch\u00e4ftsinteressen zu verfolgen. Beachten Sie au\u00dferdem, dass Ihre Daten au\u00dferhalb Europas \u00fcbertragen werden k\u00f6nnen, einschlie\u00dflich nach Kanada und in die Vereinigten Staaten.  <\/p>\n\n<h4 class=\"wp-block-heading has-text-color has-link-color wp-elements-7110fdc12851291d9f7e79ea1130bdd3\" style=\"color:#3db7b0\">Links zu anderen Websites<\/h4>\n\n<p>Unsere Website kann Links zu anderen Websites enthalten, die nicht unser Eigentum sind oder von uns kontrolliert werden. Beachten Sie, dass wir nicht f\u00fcr solche Websites oder die Datenschutzpraktiken Dritter verantwortlich sind. Wir empfehlen Ihnen, sich dessen bewusst zu sein, wenn Sie unsere Website verlassen, und die Datenschutzerkl\u00e4rungen jeder Website zu lesen, die m\u00f6glicherweise personenbezogene Daten erfasst.  <\/p>\n\n<h4 class=\"wp-block-heading has-text-color has-link-color wp-elements-c39ad2b8b53219e84e272331eda7273c\" style=\"color:#3db7b0\">Informationssicherheit<\/h4>\n\n<p>Wir sichern die Informationen, die Sie bereitstellen, auf Computerservern in einer kontrollierten, sicheren Umgebung, die vor unbefugtem Zugriff, Verwendung oder Offenlegung gesch\u00fctzt ist. Wir treffen angemessene administrative, technische und physische Vorkehrungen, um den unbefugten Zugriff, die unbefugte Verwendung, \u00c4nderung und Offenlegung von personenbezogenen Daten unter unserer Kontrolle zu verhindern. Es kann jedoch keine Daten\u00fcbertragung \u00fcber das Internet oder ein drahtloses Netzwerk garantiert werden.  <\/p>\n\n<h4 class=\"wp-block-heading has-text-color has-link-color wp-elements-339b60b4ec25fc6298f973691b9aaf01\" style=\"color:#3db7b0\">Gesetzliche Offenlegung<\/h4>\n\n<p>Wir werden alle Informationen, die wir sammeln, verwenden oder empfangen, offenlegen, wenn dies gesetzlich vorgeschrieben oder zul\u00e4ssig ist, z. B. um einer Vorladung oder einem \u00e4hnlichen Gerichtsverfahren nachzukommen, und wenn wir in gutem Glauben davon ausgehen, dass die Offenlegung erforderlich ist, um unsere Rechte zu sch\u00fctzen, Ihre Sicherheit oder die anderer zu gew\u00e4hrleisten, Betrug zu untersuchen oder auf eine beh\u00f6rdliche Anfrage zu reagieren.<\/p>\n\n<h4 class=\"wp-block-heading has-text-color has-link-color wp-elements-62a6a71928ce6946c9d3d4ebe853b7e8\" style=\"color:#3db7b0\">Kontaktinformationen<\/h4>\n\n<p>Wenn Sie uns kontaktieren m\u00f6chten, um mehr \u00fcber diese Richtlinie zu erfahren oder um Probleme in Bezug auf individuelle Rechte und Ihre pers\u00f6nlichen Daten anzusprechen, k\u00f6nnen Sie uns eine E-Mail an <a href=\"mailto:info@anduslim.com\">info@anduslim.com<\/a> senden.<\/p>\n\n<p><\/p>\n","protected":false},"excerpt":{"rendered":"<p>Die Website anduslim.com geh\u00f6rt der Home Health Products Group, einem Datenverantwortlichen f\u00fcr Ihre pers\u00f6nlichen Daten. Wir haben diese Datenschutzrichtlinie \u00fcbernommen, die erkl\u00e4rt, wie wir die von andufit.com gesammelten Informationen verarbeiten und warum wir bestimmte personenbezogene Daten \u00fcber Sie erfassen m\u00fcssen. Bitte lesen Sie diese Datenschutzrichtlinie, bevor Sie die Website andufit.com nutzen. Wir k\u00fcmmern uns um [&hellip;]<\/p>\n","protected":false},"author":1,"featured_media":0,"parent":0,"menu_order":0,"comment_status":"closed","ping_status":"closed","template":"","meta":{"footnotes":""},"class_list":["post-1142","page","type-page","status-publish","hentry"],"jetpack_sharing_enabled":true,"_links":{"self":[{"href":"https:\/\/www.anduslim.com\/de\/wp-json\/wp\/v2\/pages\/1142","targetHints":{"allow":["GET"]}}],"collection":[{"href":"https:\/\/www.anduslim.com\/de\/wp-json\/wp\/v2\/pages"}],"about":[{"href":"https:\/\/www.anduslim.com\/de\/wp-json\/wp\/v2\/types\/page"}],"author":[{"embeddable":true,"href":"https:\/\/www.anduslim.com\/de\/wp-json\/wp\/v2\/users\/1"}],"replies":[{"embeddable":true,"href":"https:\/\/www.anduslim.com\/de\/wp-json\/wp\/v2\/comments?post=1142"}],"version-history":[{"count":4,"href":"https:\/\/www.anduslim.com\/de\/wp-json\/wp\/v2\/pages\/1142\/revisions"}],"predecessor-version":[{"id":3361,"href":"https:\/\/www.anduslim.com\/de\/wp-json\/wp\/v2\/pages\/1142\/revisions\/3361"}],"wp:attachment":[{"href":"https:\/\/www.anduslim.com\/de\/wp-json\/wp\/v2\/media?parent=1142"}],"curies":[{"name":"wp","href":"https:\/\/api.w.org\/{rel}","templated":true}]}}