{"id":1189,"date":"2025-11-10T09:19:12","date_gmt":"2025-11-10T08:19:12","guid":{"rendered":"https:\/\/www.anduslim.com\/rueckgaberecht\/"},"modified":"2025-12-17T14:16:34","modified_gmt":"2025-12-17T13:16:34","slug":"rueckgaberecht","status":"publish","type":"page","link":"https:\/\/www.anduslim.com\/de\/rueckgaberecht\/","title":{"rendered":"R\u00fcckgaberecht"},"content":{"rendered":"\n<p><b>Bei ANDUSLIM streben wir nach vollst\u00e4ndiger Kundenzufriedenheit. Wenn Sie aus irgendeinem Grund mit Ihrem Kauf nicht zufrieden sind, haben Sie die M\u00f6glichkeit, das Produkt innerhalb von 14 Tagen nach Erhalt zur\u00fcckzusenden. <\/b><\/p>\n\n<h4 class=\"wp-block-heading has-text-color has-link-color wp-elements-53d512d52f0c5a18ea315777b7953ce2\" style=\"color:#3db7b0\">Bedingungen f\u00fcr die R\u00fcckgabe<\/h4>\n\n<p>Um f\u00fcr eine R\u00fcckgabe in Frage zu kommen, m\u00fcssen die folgenden Bedingungen erf\u00fcllt sein:<\/p>\n\n<ul class=\"wp-block-list\">\n<li>R\u00fcckgabeantr\u00e4ge m\u00fcssen innerhalb von 14 Tagen nach Erhalt der Bestellung eingereicht werden.<\/li>\n\n\n\n<li>Das Produkt muss in gutem,Originalzustand sein und in der Originalverpackung zur\u00fcckgesendet werden.<\/li>\n\n\n\n<li>Mit Ihrer Bestellung wird ein R\u00fccksendekarton geliefert, um den R\u00fccksendeprozess zu erleichtern.<\/li>\n<\/ul>\n\n<h4 class=\"wp-block-heading has-text-color has-link-color wp-elements-0465dfcde822eccb27652ba68d8ad0ee\" style=\"color:#3db7b0\">Produktzustand<\/h4>\n\n<p>Die ANDUSLIM-Einheit muss sauber, unbesch\u00e4digt und voll funktionsf\u00e4hig sein, um f\u00fcr die R\u00fcckgabe in Frage zu kommen. R\u00fccksendungen, die diese Anforderungen nicht erf\u00fcllen, k\u00f6nnen abgelehnt oder nur teilweise erstattet werden. <\/p>\n\n<p>Beispiele f\u00fcr inakzeptable Sch\u00e4den sind:<\/p>\n\n<ul class=\"wp-block-list\">\n<li>Risse oder L\u00f6cher in der Matratzenoberfl\u00e4che<\/li>\n\n\n\n<li>Flecken oder Verf\u00e4rbungen durch Versch\u00fcttungen oder unsachgem\u00e4\u00dfe Reinigung<\/li>\n\n\n\n<li>\u00dcberm\u00e4\u00dfiger Verschlei\u00df, wie z. B. Ausfransen oder abgeflachte F\u00fcllung<\/li>\n\n\n\n<li>Defekte oder nicht funktionierende Komponenten (z. B. Massagemotoren oder Fernbedienung)<\/li>\n<\/ul>\n\n<h4 class=\"wp-block-heading has-text-color has-link-color wp-elements-2208f84235dba2011794baf1daef0ee1\" style=\"color:#3db7b0\">Zubeh\u00f6r<\/h4>\n\n<p>Das gesamte Zubeh\u00f6r, das urspr\u00fcnglich mit der ANDUSLIM-Einheit geliefert wurde, muss ebenfalls in der Originalverpackung und in gutem Zustand zur\u00fcckgesendet werden.<\/p>\n\n<p>Zum Zubeh\u00f6r geh\u00f6ren unter anderem:<\/p>\n\n<ul class=\"wp-block-list\">\n<li>Fernbedienung<\/li>\n\n\n\n<li>Adapter<\/li>\n\n\n\n<li>Netzstecker<\/li>\n\n\n\n<li>Benutzerhandbuch<\/li>\n<\/ul>\n\n<p>Wenn Zubeh\u00f6r fehlt, beh\u00e4lt sich ANDUFIT das Recht vor:<\/p>\n\n<ul class=\"wp-block-list\">\n<li>Den Kunden aufzufordern, die fehlenden Artikel auf eigene Kosten zu versenden, oder<\/li>\n\n\n\n<li>Den Wert der fehlenden Artikel vom R\u00fcckerstattungsbetrag abzuziehen.<\/li>\n<\/ul>\n\n<h4 class=\"wp-block-heading has-text-color has-link-color wp-elements-d7a09ae17b74cc20ec744acdfb2f871c\" style=\"color:#3db7b0\">R\u00fcckgabeverfahren<\/h4>\n\n<p>Sie k\u00f6nnen Ihre R\u00fccksendung direkt \u00fcber den folgenden Link einleiten: <strong><a href=\"https:\/\/erp.hhp-group.com\/hhp-returns\" target=\"_blank\" rel=\"noopener\">Hier Ihre R\u00fccksendung registrieren<\/a><\/strong><\/p>\n\n<p>Auf dieser Seite k\u00f6nnen Sie:<\/p>\n\n<ul class=\"wp-block-list\">\n<li>Ihre R\u00fccksendung registrieren<\/li>\n\n\n\n<li>Ein R\u00fccksendeetikett herunterladen<\/li>\n\n\n\n<li>Versandhinweise anzeigen<\/li>\n<\/ul>\n\n<h4 class=\"wp-block-heading has-text-color has-link-color wp-elements-0fa190ba2885b2fa8d60c8eb1aeb3618\" style=\"color:#3db7b0\">R\u00fcckerstattung<\/h4>\n\n<p>Sobald wir das zur\u00fcckgesendete Produkt erhalten und gepr\u00fcft haben, wird der Kaufbetrag innerhalb von 7 Werktagen \u00fcber die urspr\u00fcngliche Zahlungsmethode zur\u00fcckerstattet.<\/p>\n\n<h4 class=\"wp-block-heading has-text-color has-link-color wp-elements-183eb615b1a2471fec569f7c9bbf87ff\" style=\"color:#3db7b0\">Wichtiger Hinweis zur R\u00fcckgabefrist<\/h4>\n\n<p>Die 14-t\u00e4gige R\u00fcckgabefrist darf nicht \u00fcberschritten werden. Die genaue R\u00fcckgabefrist ist in Ihrer Kommunikation mit HHP oder auf dem R\u00fcckgabeportal angegeben. Bitte stellen Sie sicher, dass Ihr R\u00fcckgabeantrag innerhalb dieser Frist eingereicht wird, um eine korrekte Bearbeitung zu gew\u00e4hrleisten.  <\/p>\n\n<h4 class=\"wp-block-heading has-text-color has-link-color wp-elements-98553b07b5891092b84fb34a90d54070\" style=\"color:#3db7b0\">Fragen?<\/h4>\n\n<p>F\u00fcr weitere Unterst\u00fctzung wenden Sie sich bitte an unseren Kundendienst unter <a href=\"mailto:info@anduslim.com\">info@anduslim.com<\/a>. Wir helfen Ihnen gerne weiter. <\/p>\n\n<p><\/p>\n","protected":false},"excerpt":{"rendered":"<p>Bei ANDUSLIM streben wir nach vollst\u00e4ndiger Kundenzufriedenheit. Wenn Sie aus irgendeinem Grund mit Ihrem Kauf nicht zufrieden sind, haben Sie die M\u00f6glichkeit, das Produkt innerhalb von 14 Tagen nach Erhalt zur\u00fcckzusenden. Bedingungen f\u00fcr die R\u00fcckgabe Um f\u00fcr eine R\u00fcckgabe in Frage zu kommen, m\u00fcssen die folgenden Bedingungen erf\u00fcllt sein: Produktzustand Die ANDUSLIM-Einheit muss sauber, unbesch\u00e4digt [&hellip;]<\/p>\n","protected":false},"author":1,"featured_media":0,"parent":0,"menu_order":0,"comment_status":"closed","ping_status":"closed","template":"","meta":{"footnotes":""},"class_list":["post-1189","page","type-page","status-publish","hentry"],"jetpack_sharing_enabled":true,"_links":{"self":[{"href":"https:\/\/www.anduslim.com\/de\/wp-json\/wp\/v2\/pages\/1189","targetHints":{"allow":["GET"]}}],"collection":[{"href":"https:\/\/www.anduslim.com\/de\/wp-json\/wp\/v2\/pages"}],"about":[{"href":"https:\/\/www.anduslim.com\/de\/wp-json\/wp\/v2\/types\/page"}],"author":[{"embeddable":true,"href":"https:\/\/www.anduslim.com\/de\/wp-json\/wp\/v2\/users\/1"}],"replies":[{"embeddable":true,"href":"https:\/\/www.anduslim.com\/de\/wp-json\/wp\/v2\/comments?post=1189"}],"version-history":[{"count":2,"href":"https:\/\/www.anduslim.com\/de\/wp-json\/wp\/v2\/pages\/1189\/revisions"}],"predecessor-version":[{"id":3399,"href":"https:\/\/www.anduslim.com\/de\/wp-json\/wp\/v2\/pages\/1189\/revisions\/3399"}],"wp:attachment":[{"href":"https:\/\/www.anduslim.com\/de\/wp-json\/wp\/v2\/media?parent=1189"}],"curies":[{"name":"wp","href":"https:\/\/api.w.org\/{rel}","templated":true}]}}