{"id":1559,"date":"2025-11-10T09:03:33","date_gmt":"2025-11-10T08:03:33","guid":{"rendered":"https:\/\/www.anduslim.com\/terminos-y-condiciones\/"},"modified":"2025-12-17T14:16:51","modified_gmt":"2025-12-17T13:16:51","slug":"terminos-y-condiciones","status":"publish","type":"page","link":"https:\/\/www.anduslim.com\/es\/terminos-y-condiciones\/","title":{"rendered":"T\u00e9rminos y condiciones"},"content":{"rendered":"\n<p>Estos t\u00e9rminos y condiciones describen las reglas y regulaciones para el uso del sitio web de Home Health Products Group, ubicado en <a href=\"https:\/\/www.anduslim.com\/es\/\">anduslim.com<\/a>. Al acceder a este sitio web, asumimos que aceptas estos t\u00e9rminos y condiciones. No contin\u00faes usando andufit.com si no est\u00e1s de acuerdo con todos los t\u00e9rminos y condiciones establecidos en esta p\u00e1gina.  <\/p>\n\n<h4 class=\"wp-block-heading has-text-color has-link-color wp-elements-2891535fcf24367417954a8dfa64de2e\" style=\"color:#3db7b0\">Cookies<\/h4>\n\n<p>Nuestro sitio web utiliza cookies para personalizar tu experiencia en l\u00ednea. Al acceder a andufit.com, aceptas utilizar las cookies necesarias. Una cookie es un archivo de texto que un servidor de p\u00e1ginas web coloca en tu disco duro. Las cookies no pueden ejecutar programas ni enviar virus a tu ordenador. Las cookies se te asignan de forma exclusiva y solo pueden ser le\u00eddas por un servidor web en el dominio que te emiti\u00f3 la cookie. Podemos utilizar cookies para recopilar, almacenar y rastrear informaci\u00f3n con fines estad\u00edsticos o de marketing para operar nuestro sitio web. Puedes aceptar o rechazar las cookies opcionales. Algunas cookies requeridas son necesarias para el funcionamiento de nuestro sitio web. Para estas cookies, no se requiere tu consentimiento, ya que siempre funcionan. Ten en cuenta que, al aceptar las cookies requeridas, tambi\u00e9n aceptas las cookies de terceros que pueden utilizarse a trav\u00e9s de servicios de terceros integrados en nuestro sitio web, como una ventana de visualizaci\u00f3n de v\u00eddeo de terceros.         <\/p>\n\n<h4 class=\"wp-block-heading has-text-color has-link-color wp-elements-6c48684aa396cd85fa487a89d9eb6eb7\" style=\"color:#3db7b0\">Licencia<\/h4>\n\n<p>A menos que se indique lo contrario, Home Health Products Group y\/o sus licenciantes poseen los derechos de propiedad intelectual de todo el material en andufit.com. Todos los derechos de propiedad intelectual est\u00e1n reservados. Puedes acceder a esto desde andufit.com para tu uso personal, sujeto a las restricciones establecidas en estos t\u00e9rminos y condiciones.  <\/p>\n\n<p>No debes:<\/p>\n\n<ul class=\"wp-block-list\">\n<li>Volver a publicar material de andufit.com<\/li>\n\n\n\n<li>Vender, alquilar o sublicenciar material de andufit.com<\/li>\n\n\n\n<li>Reproducir, duplicar o copiar material de andufit.com<\/li>\n\n\n\n<li>Redistribuir contenido de andufit.com<\/li>\n<\/ul>\n\n<p>Este acuerdo comienza en esta fecha.<\/p>\n\n<p>Algunas partes de este sitio web ofrecen a los usuarios la oportunidad de publicar e intercambiar opiniones e informaci\u00f3n en ciertas \u00e1reas. Home Health Products Group no filtra, edita, publica ni revisa los Comentarios antes de su presencia en el sitio web. Los Comentarios no reflejan los puntos de vista y opiniones de Home Health Products Group, sus agentes y\/o afiliados. Los Comentarios reflejan los puntos de vista y opiniones de la persona que los publica. En la medida en que lo permitan las leyes aplicables, Home Health Products Group no ser\u00e1 responsable de los Comentarios ni de ninguna responsabilidad, da\u00f1os o gastos causados y\/o sufridos como resultado de cualquier uso y\/o publicaci\u00f3n y\/o aparici\u00f3n de los Comentarios en este sitio web.    <\/p>\n\n<h4 class=\"wp-block-heading has-text-color has-link-color wp-elements-c4100e9931bf022ff0fd50d12445e7f2\" style=\"color:#3db7b0\">Hiperv\u00ednculos<\/h4>\n\n<p>Ciertas organizaciones pueden enlazar a nuestro sitio web sin aprobaci\u00f3n previa por escrito, incluyendo:<\/p>\n\n<ul class=\"wp-block-list\">\n<li>Agencias gubernamentales<\/li>\n\n\n\n<li>Motores de b\u00fasqueda<\/li>\n\n\n\n<li>Organizaciones de noticias<\/li>\n\n\n\n<li>Distribuidores de directorios en l\u00ednea<\/li>\n\n\n\n<li>Empresas acreditadas, excepto organizaciones sin \u00e1nimo de lucro que solicitan, centros comerciales ben\u00e9ficos y grupos de recaudaci\u00f3n de fondos ben\u00e9ficos<\/li>\n<\/ul>\n\n<p>Otras solicitudes de enlaces se considerar\u00e1n caso por caso.<\/p>\n\n<h4 class=\"wp-block-heading has-text-color has-link-color wp-elements-ffc2a6bac46803b82fe05e16d6fe9762\" style=\"color:#3db7b0\">Responsabilidad por el contenido<\/h4>\n\n<p>No seremos responsables de ning\u00fan contenido que aparezca en tu sitio web. Aceptas proteger y defendernos contra todas las reclamaciones que surjan de tu sitio web. No deben aparecer enlaces en ning\u00fan sitio web que pueda interpretarse como difamatorio, obsceno o criminal, o que infrinja o viole de otro modo los derechos de terceros.  <\/p>\n\n<h4 class=\"wp-block-heading has-text-color has-link-color wp-elements-aab2f212ef0bd0195cc4b0f7a8d4c97b\" style=\"color:#3db7b0\">Descargo de responsabilidad<\/h4>\n\n<p>En la medida m\u00e1xima permitida por la ley aplicable, excluimos todas las representaciones, garant\u00edas y condiciones relacionadas con nuestro sitio web y el uso de este sitio web. Nada en este descargo de responsabilidad: <\/p>\n\n<ul class=\"wp-block-list\">\n<li>Limitar o excluir nuestra o tu responsabilidad por muerte o lesiones personales<\/li>\n\n\n\n<li>Limitar o excluir nuestra o tu responsabilidad por fraude o tergiversaci\u00f3n fraudulenta<\/li>\n\n\n\n<li>Excluir cualquier responsabilidad que no pueda ser excluida seg\u00fan la ley aplicable<\/li>\n<\/ul>\n\n<p>Siempre que el sitio web y la informaci\u00f3n y los servicios en el sitio web se proporcionen de forma gratuita, no seremos responsables de ninguna p\u00e9rdida o da\u00f1o de ninguna naturaleza.<\/p>\n\n<p><\/p>\n","protected":false},"excerpt":{"rendered":"<p>Estos t\u00e9rminos y condiciones describen las reglas y regulaciones para el uso del sitio web de Home Health Products Group, ubicado en anduslim.com. Al acceder a este sitio web, asumimos que aceptas estos t\u00e9rminos y condiciones. No contin\u00faes usando andufit.com si no est\u00e1s de acuerdo con todos los t\u00e9rminos y condiciones establecidos en esta p\u00e1gina. [&hellip;]<\/p>\n","protected":false},"author":2,"featured_media":0,"parent":0,"menu_order":0,"comment_status":"closed","ping_status":"closed","template":"","meta":{"footnotes":""},"class_list":["post-1559","page","type-page","status-publish","hentry"],"jetpack_sharing_enabled":true,"_links":{"self":[{"href":"https:\/\/www.anduslim.com\/es\/wp-json\/wp\/v2\/pages\/1559","targetHints":{"allow":["GET"]}}],"collection":[{"href":"https:\/\/www.anduslim.com\/es\/wp-json\/wp\/v2\/pages"}],"about":[{"href":"https:\/\/www.anduslim.com\/es\/wp-json\/wp\/v2\/types\/page"}],"author":[{"embeddable":true,"href":"https:\/\/www.anduslim.com\/es\/wp-json\/wp\/v2\/users\/2"}],"replies":[{"embeddable":true,"href":"https:\/\/www.anduslim.com\/es\/wp-json\/wp\/v2\/comments?post=1559"}],"version-history":[{"count":2,"href":"https:\/\/www.anduslim.com\/es\/wp-json\/wp\/v2\/pages\/1559\/revisions"}],"predecessor-version":[{"id":3402,"href":"https:\/\/www.anduslim.com\/es\/wp-json\/wp\/v2\/pages\/1559\/revisions\/3402"}],"wp:attachment":[{"href":"https:\/\/www.anduslim.com\/es\/wp-json\/wp\/v2\/media?parent=1559"}],"curies":[{"name":"wp","href":"https:\/\/api.w.org\/{rel}","templated":true}]}}