{"id":1586,"date":"2025-11-08T00:30:16","date_gmt":"2025-11-07T23:30:16","guid":{"rendered":"https:\/\/www.anduslim.com\/politica-de-privacidad\/"},"modified":"2025-12-17T14:14:42","modified_gmt":"2025-12-17T13:14:42","slug":"politica-de-privacidad","status":"publish","type":"page","link":"https:\/\/www.anduslim.com\/es\/politica-de-privacidad\/","title":{"rendered":"Pol\u00edtica de privacidad"},"content":{"rendered":"\n<p>El sitio web <a href=\"https:\/\/www.anduslim.com\/es\/\">anduslim.com<\/a> es propiedad de <strong>Home Health Products Group<\/strong>, un controlador de datos de tu informaci\u00f3n personal. Hemos adoptado esta pol\u00edtica de privacidad, que explica c\u00f3mo procesamos la informaci\u00f3n recopilada por andufit.com y por qu\u00e9 debemos recopilar ciertos datos personales sobre ti. Por favor, lee esta pol\u00edtica de privacidad antes de utilizar el sitio web andufit.com. Nos preocupamos por tus datos personales y garantizaremos su confidencialidad y seguridad.   <\/p>\n\n<h4 class=\"wp-block-heading has-text-color has-link-color wp-elements-27f62dde9203d6c024eed508ad402513\" style=\"color:#3db7b0\">Informaci\u00f3n personal<\/h4>\n\n<p>Cuando visitas andufit.com, recopilamos autom\u00e1ticamente cierta informaci\u00f3n sobre tu dispositivo, incluyendo tu navegador web, direcci\u00f3n IP, zona horaria y algunas de las cookies instaladas en tu dispositivo. Adem\u00e1s, mientras navegas por el sitio, recopilamos informaci\u00f3n sobre las p\u00e1ginas web o productos que ves, los sitios web o t\u00e9rminos de b\u00fasqueda que te remitieron al sitio y c\u00f3mo interact\u00faas con el sitio. Nos referimos a esta informaci\u00f3n recopilada autom\u00e1ticamente como &#8216;<strong>Datos del Dispositivo<\/strong>&#8216;. Adem\u00e1s, podemos recopilar la informaci\u00f3n personal que proporciones (incluyendo tu nombre, apellido, direcci\u00f3n, detalles de pago, etc.) durante el registro para cumplir con nuestro acuerdo.   <\/p>\n\n<h4 class=\"wp-block-heading has-text-color has-link-color wp-elements-5388a4fde2432412a7059eb5a396a3cf\" style=\"color:#3db7b0\">\u00bfPor qu\u00e9 procesamos tus datos?<\/h4>\n\n<p>Nuestra principal prioridad es la seguridad de los datos de los clientes. Por lo tanto, procesamos datos m\u00ednimos del usuario, solo lo estrictamente necesario para mantener el sitio web. La informaci\u00f3n recopilada autom\u00e1ticamente se utiliza \u00fanicamente para identificar posibles casos de abuso y para recopilar informaci\u00f3n estad\u00edstica sobre el uso del sitio web. Esta informaci\u00f3n estad\u00edstica no se agrega de manera que pueda identificar a ning\u00fan usuario espec\u00edfico. Puedes visitar el sitio web sin revelar tu identidad o proporcionar informaci\u00f3n que pueda identificarte como individuo. Sin embargo, si deseas utilizar algunas funciones del sitio web, suscribirte a nuestro bolet\u00edn o proporcionar otros detalles a trav\u00e9s de un formulario, puedes proporcionar datos personales como tu direcci\u00f3n de correo electr\u00f3nico, nombre, apellido, lugar de residencia, organizaci\u00f3n y n\u00famero de tel\u00e9fono. Puedes optar por no proporcionar datos personales, pero esto puede limitar tu capacidad para utilizar algunas funciones del sitio web, como recibir boletines o contactarnos directamente. Los usuarios que no est\u00e9n seguros de qu\u00e9 informaci\u00f3n se requiere pueden contactarnos en <a href=\"mailto:info@anduslim.com\">info@anduslim.com<\/a>.       <\/p>\n\n<h4 class=\"wp-block-heading has-text-color has-link-color wp-elements-ffbb8d6038e9bf2148ecb1e427bf615d\" style=\"color:#3db7b0\">Tus derechos<\/h4>\n\n<p>Si eres de Europa, tienes los siguientes derechos con respecto a tus datos personales:<\/p>\n\n<ul class=\"wp-block-list\">\n<li>El derecho a ser informado.<\/li>\n\n\n\n<li>El derecho de acceso.<\/li>\n\n\n\n<li>El derecho a la rectificaci\u00f3n.<\/li>\n\n\n\n<li>El derecho de supresi\u00f3n.<\/li>\n\n\n\n<li>El derecho a restringir el procesamiento.<\/li>\n\n\n\n<li>El derecho a la portabilidad de los datos.<\/li>\n\n\n\n<li>El derecho a oponerse.<\/li>\n\n\n\n<li>Derechos relacionados con la toma de decisiones automatizada y la elaboraci\u00f3n de perfiles.<\/li>\n<\/ul>\n\n<p>Para ejercer estos derechos, cont\u00e1ctanos utilizando los detalles a continuaci\u00f3n. Si eres de Europa, se\u00f1alamos que procesamos tu informaci\u00f3n para cumplir con los contratos que podr\u00edamos tener contigo (por ejemplo, si realizas un pedido a trav\u00e9s del sitio) o, de lo contrario, para perseguir nuestros intereses comerciales leg\u00edtimos. Adem\u00e1s, ten en cuenta que tu informaci\u00f3n puede ser transferida fuera de Europa, incluyendo a Canad\u00e1 y los Estados Unidos.  <\/p>\n\n<h4 class=\"wp-block-heading has-text-color has-link-color wp-elements-9094b49d25ea00d093af45095f8dac6d\" style=\"color:#3db7b0\">Enlaces a otros sitios web<\/h4>\n\n<p>Nuestro sitio web puede contener enlaces a otros sitios web que no son de nuestra propiedad ni est\u00e1n controlados por nosotros. Ten en cuenta que no somos responsables de dichos sitios web ni de las pr\u00e1cticas de privacidad de terceros. Te recomendamos que seas consciente de esto cuando abandones nuestro sitio web y leas las declaraciones de privacidad de cada sitio que pueda recopilar informaci\u00f3n personal.  <\/p>\n\n<h4 class=\"wp-block-heading has-text-color has-link-color wp-elements-cac0332352c714f54ea413d6fed74e71\" style=\"color:#3db7b0\">Seguridad de la informaci\u00f3n<\/h4>\n\n<p>Aseguramos la informaci\u00f3n que proporcionas en servidores inform\u00e1ticos en un entorno controlado y seguro, protegido contra el acceso, uso o divulgaci\u00f3n no autorizados. Tomamos precauciones administrativas, t\u00e9cnicas y f\u00edsicas razonables para proteger contra el acceso, uso, modificaci\u00f3n y divulgaci\u00f3n no autorizados de datos personales bajo nuestro control. Sin embargo, ninguna transmisi\u00f3n de datos a trav\u00e9s de Internet o una red inal\u00e1mbrica puede ser garantizada.  <\/p>\n\n<h4 class=\"wp-block-heading has-text-color has-link-color wp-elements-7297df54a169e86cf42184c09a0f2024\" style=\"color:#3db7b0\">Divulgaci\u00f3n legal<\/h4>\n\n<p>Divulgaremos cualquier informaci\u00f3n que recopilemos, usemos o recibamos si as\u00ed lo exige o permite la ley, como para cumplir con una citaci\u00f3n u otro proceso legal similar, y cuando creamos de buena fe que la divulgaci\u00f3n es necesaria para proteger nuestros derechos, garantizar tu seguridad o la de otros, investigar fraudes o responder a una solicitud del gobierno.<\/p>\n\n<h4 class=\"wp-block-heading has-text-color has-link-color wp-elements-78cd3158e65d035fff4aee0b66fe221e\" style=\"color:#3db7b0\">Informaci\u00f3n de contacto<\/h4>\n\n<p>Si deseas contactarnos para obtener m\u00e1s informaci\u00f3n sobre esta pol\u00edtica o para abordar cualquier problema relacionado con los derechos individuales y tu informaci\u00f3n personal, puedes enviarnos un correo electr\u00f3nico a <a href=\"mailto:info@anduslim.com\">info@anduslim.com<\/a>.<\/p>\n\n<p><\/p>\n","protected":false},"excerpt":{"rendered":"<p>El sitio web anduslim.com es propiedad de Home Health Products Group, un controlador de datos de tu informaci\u00f3n personal. Hemos adoptado esta pol\u00edtica de privacidad, que explica c\u00f3mo procesamos la informaci\u00f3n recopilada por andufit.com y por qu\u00e9 debemos recopilar ciertos datos personales sobre ti. Por favor, lee esta pol\u00edtica de privacidad antes de utilizar el [&hellip;]<\/p>\n","protected":false},"author":1,"featured_media":0,"parent":0,"menu_order":0,"comment_status":"closed","ping_status":"closed","template":"","meta":{"footnotes":""},"class_list":["post-1586","page","type-page","status-publish","hentry"],"jetpack_sharing_enabled":true,"_links":{"self":[{"href":"https:\/\/www.anduslim.com\/es\/wp-json\/wp\/v2\/pages\/1586","targetHints":{"allow":["GET"]}}],"collection":[{"href":"https:\/\/www.anduslim.com\/es\/wp-json\/wp\/v2\/pages"}],"about":[{"href":"https:\/\/www.anduslim.com\/es\/wp-json\/wp\/v2\/types\/page"}],"author":[{"embeddable":true,"href":"https:\/\/www.anduslim.com\/es\/wp-json\/wp\/v2\/users\/1"}],"replies":[{"embeddable":true,"href":"https:\/\/www.anduslim.com\/es\/wp-json\/wp\/v2\/comments?post=1586"}],"version-history":[{"count":4,"href":"https:\/\/www.anduslim.com\/es\/wp-json\/wp\/v2\/pages\/1586\/revisions"}],"predecessor-version":[{"id":3359,"href":"https:\/\/www.anduslim.com\/es\/wp-json\/wp\/v2\/pages\/1586\/revisions\/3359"}],"wp:attachment":[{"href":"https:\/\/www.anduslim.com\/es\/wp-json\/wp\/v2\/media?parent=1586"}],"curies":[{"name":"wp","href":"https:\/\/api.w.org\/{rel}","templated":true}]}}