{"id":1333,"date":"2025-11-10T09:03:33","date_gmt":"2025-11-10T08:03:33","guid":{"rendered":"https:\/\/www.anduslim.com\/conditions-generales\/"},"modified":"2025-12-17T14:21:04","modified_gmt":"2025-12-17T13:21:04","slug":"conditions-generales","status":"publish","type":"page","link":"https:\/\/www.anduslim.com\/fr\/conditions-generales\/","title":{"rendered":"Conditions g\u00e9n\u00e9rales"},"content":{"rendered":"\n<p>Ces conditions g\u00e9n\u00e9rales r\u00e9gissent l&rsquo;utilisation du site web de Home Health Products Group, situ\u00e9 \u00e0 l&rsquo;adresse <a href=\"https:\/\/www.anduslim.com\/fr\/\">anduslim.com<\/a>. En acc\u00e9dant \u00e0 ce site web, nous supposons que tu acceptes ces conditions g\u00e9n\u00e9rales. Ne continue pas \u00e0 utiliser andufit.com si tu n&rsquo;acceptes pas toutes les conditions g\u00e9n\u00e9rales \u00e9nonc\u00e9es sur cette page.  <\/p>\n\n<h4 class=\"wp-block-heading has-text-color has-link-color wp-elements-2891535fcf24367417954a8dfa64de2e\" style=\"color:#3db7b0\">Cookies<\/h4>\n\n<p>Notre site web utilise des cookies pour personnaliser ton exp\u00e9rience en ligne. En acc\u00e9dant \u00e0 andufit.com, tu acceptes d&rsquo;utiliser les cookies requis. Un cookie est un fichier texte plac\u00e9 sur ton disque dur par un serveur de pages web. Les cookies ne peuvent pas ex\u00e9cuter de programmes ni transmettre de virus \u00e0 ton ordinateur. Les cookies te sont attribu\u00e9s de mani\u00e8re unique et ne peuvent \u00eatre lus que par un serveur web du domaine qui t&rsquo;a d\u00e9livr\u00e9 le cookie. Nous pouvons utiliser des cookies pour collecter, stocker et suivre des informations \u00e0 des fins statistiques ou de marketing afin d&rsquo;exploiter notre site web. Tu peux accepter ou refuser les cookies optionnels. Certains cookies requis sont n\u00e9cessaires au fonctionnement de notre site web. Pour ces cookies, ton consentement n&rsquo;est pas requis car ils fonctionnent toujours. Note qu&rsquo;en acceptant les cookies requis, tu acceptes \u00e9galement les cookies de tiers qui peuvent \u00eatre utilis\u00e9s par le biais de services tiers int\u00e9gr\u00e9s \u00e0 notre site web, tels qu&rsquo;une fen\u00eatre d&rsquo;affichage vid\u00e9o tierce.         <\/p>\n\n<h4 class=\"wp-block-heading has-text-color has-link-color wp-elements-7d87e487136fa8eccd718ea48ba9d7b5\" style=\"color:#3db7b0\">Licence<\/h4>\n\n<p>Sauf indication contraire, Home Health Products Group et\/ou ses conc\u00e9dants de licence d\u00e9tiennent les droits de propri\u00e9t\u00e9 intellectuelle de tout le contenu sur andufit.com. Tous les droits de propri\u00e9t\u00e9 intellectuelle sont r\u00e9serv\u00e9s. Tu peux y acc\u00e9der depuis andufit.com pour ton usage personnel, sous r\u00e9serve des restrictions d\u00e9finies dans les pr\u00e9sentes conditions g\u00e9n\u00e9rales.  <\/p>\n\n<p>Tu ne dois pas :<\/p>\n\n<ul class=\"wp-block-list\">\n<li>Republier le contenu d&rsquo;andufit.com<\/li>\n\n\n\n<li>Vendre, louer ou conc\u00e9der en sous-licence le contenu d&rsquo;andufit.com<\/li>\n\n\n\n<li>Reproduire, dupliquer ou copier le contenu d&rsquo;andufit.com<\/li>\n\n\n\n<li>Redistribuer le contenu d&rsquo;andufit.com<\/li>\n<\/ul>\n\n<p>Cet accord commence \u00e0 cette date.<\/p>\n\n<p>Certaines parties de ce site web offrent aux utilisateurs la possibilit\u00e9 de publier et d&rsquo;\u00e9changer des opinions et des informations dans certains domaines. Home Health Products Group ne filtre, ne modifie, ne publie ni ne r\u00e9vise les commentaires avant leur pr\u00e9sence sur le site web. Les commentaires ne refl\u00e8tent pas les points de vue et opinions de Home Health Products Group, de ses agents et\/ou de ses affili\u00e9s. Les commentaires refl\u00e8tent les points de vue et opinions de la personne qui les publie. Dans la mesure permise par les lois applicables, Home Health Products Group ne sera pas responsable des commentaires ni de toute responsabilit\u00e9, dommages ou d\u00e9penses caus\u00e9s et\/ou subis \u00e0 la suite de toute utilisation et\/ou publication et\/ou apparition des commentaires sur ce site web.    <\/p>\n\n<h4 class=\"wp-block-heading has-text-color has-link-color wp-elements-749f57e2d09285b35da45073ce697b26\" style=\"color:#3db7b0\">Hyperliens<\/h4>\n\n<p>Certaines organisations peuvent cr\u00e9er des liens vers notre site web sans autorisation \u00e9crite pr\u00e9alable, notamment :<\/p>\n\n<ul class=\"wp-block-list\">\n<li>Les agences gouvernementales<\/li>\n\n\n\n<li>Les moteurs de recherche<\/li>\n\n\n\n<li>Les organisations de presse<\/li>\n\n\n\n<li>Les distributeurs d&rsquo;annuaires en ligne<\/li>\n\n\n\n<li>Les entreprises accr\u00e9dit\u00e9es, \u00e0 l&rsquo;exception des organisations \u00e0 but non lucratif, des centres commerciaux caritatifs et des groupes de collecte de fonds caritatifs qui sollicitent des dons<\/li>\n<\/ul>\n\n<p>Les autres demandes de liens seront examin\u00e9es au cas par cas.<\/p>\n\n<h4 class=\"wp-block-heading has-text-color has-link-color wp-elements-1b6f38c2bb890be937a4e36e13dc237f\" style=\"color:#3db7b0\">Responsabilit\u00e9 du contenu<\/h4>\n\n<p>Nous ne serons pas tenus responsables du contenu qui appara\u00eet sur ton site web. Tu acceptes de nous prot\u00e9ger et de nous d\u00e9fendre contre toutes les r\u00e9clamations d\u00e9coulant de ton site web. Aucun lien ne doit appara\u00eetre sur un site web qui pourrait \u00eatre interpr\u00e9t\u00e9 comme diffamatoire, obsc\u00e8ne ou criminel, ou qui enfreint ou viole de toute autre mani\u00e8re les droits d&rsquo;un tiers.  <\/p>\n\n<h4 class=\"wp-block-heading has-text-color has-link-color wp-elements-16392867d29ba9dd012b50f24f70666d\" style=\"color:#3db7b0\">Avis de non-responsabilit\u00e9<\/h4>\n\n<p>Dans la mesure maximale permise par la loi applicable, nous excluons toutes les repr\u00e9sentations, garanties et conditions relatives \u00e0 notre site web et \u00e0 l&rsquo;utilisation de ce site web. Rien dans cet avis de non-responsabilit\u00e9 ne pourra : <\/p>\n\n<ul class=\"wp-block-list\">\n<li>Limiter ou exclure notre ou ta responsabilit\u00e9 en cas de d\u00e9c\u00e8s ou de dommages corporels<\/li>\n\n\n\n<li>Limiter ou exclure notre ou ta responsabilit\u00e9 en cas de fraude ou de fausse d\u00e9claration frauduleuse<\/li>\n\n\n\n<li>Exclure toute responsabilit\u00e9 qui ne peut \u00eatre exclue en vertu de la loi applicable<\/li>\n<\/ul>\n\n<p>Tant que le site web et les informations et services qui y sont propos\u00e9s sont fournis gratuitement, nous ne serons pas responsables de toute perte ou dommage de quelque nature que ce soit.<\/p>\n\n<p><\/p>\n","protected":false},"excerpt":{"rendered":"<p>Ces conditions g\u00e9n\u00e9rales r\u00e9gissent l&rsquo;utilisation du site web de Home Health Products Group, situ\u00e9 \u00e0 l&rsquo;adresse anduslim.com. En acc\u00e9dant \u00e0 ce site web, nous supposons que tu acceptes ces conditions g\u00e9n\u00e9rales. Ne continue pas \u00e0 utiliser andufit.com si tu n&rsquo;acceptes pas toutes les conditions g\u00e9n\u00e9rales \u00e9nonc\u00e9es sur cette page. Cookies Notre site web utilise des [&hellip;]<\/p>\n","protected":false},"author":2,"featured_media":0,"parent":0,"menu_order":0,"comment_status":"closed","ping_status":"closed","template":"","meta":{"footnotes":""},"class_list":["post-1333","page","type-page","status-publish","hentry"],"jetpack_sharing_enabled":true,"_links":{"self":[{"href":"https:\/\/www.anduslim.com\/fr\/wp-json\/wp\/v2\/pages\/1333","targetHints":{"allow":["GET"]}}],"collection":[{"href":"https:\/\/www.anduslim.com\/fr\/wp-json\/wp\/v2\/pages"}],"about":[{"href":"https:\/\/www.anduslim.com\/fr\/wp-json\/wp\/v2\/types\/page"}],"author":[{"embeddable":true,"href":"https:\/\/www.anduslim.com\/fr\/wp-json\/wp\/v2\/users\/2"}],"replies":[{"embeddable":true,"href":"https:\/\/www.anduslim.com\/fr\/wp-json\/wp\/v2\/comments?post=1333"}],"version-history":[{"count":2,"href":"https:\/\/www.anduslim.com\/fr\/wp-json\/wp\/v2\/pages\/1333\/revisions"}],"predecessor-version":[{"id":3409,"href":"https:\/\/www.anduslim.com\/fr\/wp-json\/wp\/v2\/pages\/1333\/revisions\/3409"}],"wp:attachment":[{"href":"https:\/\/www.anduslim.com\/fr\/wp-json\/wp\/v2\/media?parent=1333"}],"curies":[{"name":"wp","href":"https:\/\/api.w.org\/{rel}","templated":true}]}}