{"id":1342,"date":"2025-11-08T00:30:16","date_gmt":"2025-11-07T23:30:16","guid":{"rendered":"https:\/\/www.anduslim.com\/politique-de-confidentialite\/"},"modified":"2025-12-17T14:16:30","modified_gmt":"2025-12-17T13:16:30","slug":"politique-de-confidentialite","status":"publish","type":"page","link":"https:\/\/www.anduslim.com\/fr\/politique-de-confidentialite\/","title":{"rendered":"Politique de confidentialit\u00e9"},"content":{"rendered":"\n<p>Le site web <a href=\"https:\/\/www.anduslim.com\/fr\/\">anduslim.com<\/a> est la propri\u00e9t\u00e9 de <strong>Home Health Products Group<\/strong>, responsable du traitement de vos informations personnelles. Nous avons adopt\u00e9 cette politique de confidentialit\u00e9, qui explique comment nous traitons les informations collect\u00e9es par andufit.com et pourquoi nous devons collecter certaines donn\u00e9es personnelles vous concernant. Veuillez lire cette politique de confidentialit\u00e9 avant d&rsquo;utiliser le site web andufit.com. Nous accordons de l&rsquo;importance \u00e0 vos donn\u00e9es personnelles et nous assurerons de leur confidentialit\u00e9 et de leur s\u00e9curit\u00e9.   <\/p>\n\n<h4 class=\"wp-block-heading has-text-color has-link-color wp-elements-45f09a0234c01c694759ab78d54e7355\" style=\"color:#3db7b0\">Informations personnelles<\/h4>\n\n<p>Lorsque vous visitez andufit.com, nous collectons automatiquement certaines informations sur votre appareil, notamment votre navigateur web, votre adresse IP, votre fuseau horaire et certains des cookies install\u00e9s sur votre appareil. De plus, lorsque vous naviguez sur le site, nous collectons des informations sur les pages web ou les produits que vous consultez, les sites web ou les termes de recherche qui vous ont renvoy\u00e9 au site, et la mani\u00e8re dont vous interagissez avec le site. Nous appelons ces informations collect\u00e9es automatiquement \u00ab\u00a0<g id=\"gid_0\">Donn\u00e9es de l&rsquo;appareil<\/g>\u00a0\u00bb. De plus, nous pouvons collecter les informations personnelles que vous fournissez (y compris votre pr\u00e9nom, votre nom, votre adresse, vos informations de paiement, etc.) lors de l&rsquo;inscription afin d&rsquo;ex\u00e9cuter notre accord.   <\/p>\n\n<h4 class=\"wp-block-heading has-text-color has-link-color wp-elements-8175bae25ea2d31f874f1137f350487e\" style=\"color:#3db7b0\">Pourquoi traitons-nous vos donn\u00e9es\u00a0?<\/h4>\n\n<p>Notre priorit\u00e9 absolue est la s\u00e9curit\u00e9 des donn\u00e9es des clients. Par cons\u00e9quent, nous traitons un minimum de donn\u00e9es utilisateur, uniquement dans la mesure o\u00f9 cela est absolument n\u00e9cessaire pour maintenir le site web. Les informations collect\u00e9es automatiquement sont utilis\u00e9es uniquement pour identifier les cas potentiels d&rsquo;abus et pour recueillir des informations statistiques sur l&rsquo;utilisation du site web. Ces informations statistiques ne sont pas agr\u00e9g\u00e9es d&rsquo;une mani\u00e8re qui pourrait identifier un utilisateur sp\u00e9cifique. Vous pouvez visiter le site web sans r\u00e9v\u00e9ler votre identit\u00e9 ni fournir d&rsquo;informations qui pourraient vous identifier en tant qu&rsquo;individu. Cependant, si vous souhaitez utiliser certaines fonctionnalit\u00e9s du site web, vous abonner \u00e0 notre newsletter ou fournir d&rsquo;autres informations via un formulaire, vous pouvez fournir des donn\u00e9es personnelles telles que votre adresse e-mail, votre pr\u00e9nom, votre nom, votre lieu de r\u00e9sidence, votre organisation et votre num\u00e9ro de t\u00e9l\u00e9phone. Vous pouvez choisir de ne pas fournir de donn\u00e9es personnelles, mais cela peut limiter votre capacit\u00e9 \u00e0 utiliser certaines fonctionnalit\u00e9s du site web, telles que la r\u00e9ception de newsletters ou la prise de contact directe avec nous. Les utilisateurs incertains quant aux informations requises peuvent nous contacter \u00e0 l&rsquo;adresse <a href=\"mailto:info@anduslim.com\">info@anduslim.com<\/a>.       <\/p>\n\n<h4 class=\"wp-block-heading has-text-color has-link-color wp-elements-bf7794aaaabda70d8564d3ea37e18432\" style=\"color:#3db7b0\">Vos droits<\/h4>\n\n<p>Si vous \u00eates originaire d&rsquo;Europe, vous disposez des droits suivants concernant vos donn\u00e9es personnelles\u00a0:<\/p>\n\n<ul class=\"wp-block-list\">\n<li>Le droit d&rsquo;\u00eatre inform\u00e9.<\/li>\n\n\n\n<li>Le droit d&rsquo;acc\u00e8s.<\/li>\n\n\n\n<li>Le droit de rectification.<\/li>\n\n\n\n<li>Le droit \u00e0 l&rsquo;effacement.<\/li>\n\n\n\n<li>Le droit \u00e0 la limitation du traitement.<\/li>\n\n\n\n<li>Le droit \u00e0 la portabilit\u00e9 des donn\u00e9es.<\/li>\n\n\n\n<li>Le droit d&rsquo;opposition.<\/li>\n\n\n\n<li>Droits concernant la prise de d\u00e9cision automatis\u00e9e et le profilage.<\/li>\n<\/ul>\n\n<p>Pour exercer ces droits, contactez-nous en utilisant les coordonn\u00e9es ci-dessous. Si vous \u00eates originaire d&rsquo;Europe, nous notons que nous traitons vos informations pour ex\u00e9cuter les contrats que nous pourrions avoir avec vous (par exemple, si vous passez une commande via le site) ou autrement pour poursuivre nos int\u00e9r\u00eats commerciaux l\u00e9gitimes. De plus, notez que vos informations peuvent \u00eatre transf\u00e9r\u00e9es en dehors de l&rsquo;Europe, y compris au Canada et aux \u00c9tats-Unis.  <\/p>\n\n<h4 class=\"wp-block-heading has-text-color has-link-color wp-elements-32eaa982bfadee31fef2d41e891f007d\" style=\"color:#3db7b0\">Liens vers d&rsquo;autres sites web<\/h4>\n\n<p>Notre site web peut contenir des liens vers d&rsquo;autres sites web qui ne sont pas d\u00e9tenus ou contr\u00f4l\u00e9s par nous. Sachez que nous ne sommes pas responsables de ces sites web ni des pratiques de confidentialit\u00e9 des tiers. Nous vous encourageons \u00e0 en \u00eatre conscient lorsque vous quittez notre site web et \u00e0 lire les d\u00e9clarations de confidentialit\u00e9 de chaque site susceptible de collecter des informations personnelles.  <\/p>\n\n<h4 class=\"wp-block-heading has-text-color has-link-color wp-elements-756e0d9e07eb303a8fbfc74c6a63a9bd\" style=\"color:#3db7b0\">S\u00e9curit\u00e9 des informations<\/h4>\n\n<p>Nous s\u00e9curisons les informations que vous fournissez sur des serveurs informatiques dans un environnement contr\u00f4l\u00e9 et s\u00e9curis\u00e9, prot\u00e9g\u00e9 contre tout acc\u00e8s, utilisation ou divulgation non autoris\u00e9s. Nous prenons des pr\u00e9cautions administratives, techniques et physiques raisonnables pour nous prot\u00e9ger contre l&rsquo;acc\u00e8s, l&rsquo;utilisation, la modification et la divulgation non autoris\u00e9s des donn\u00e9es personnelles sous notre contr\u00f4le. Cependant, aucune transmission de donn\u00e9es sur Internet ou sur un r\u00e9seau sans fil ne peut \u00eatre garantie.  <\/p>\n\n<h4 class=\"wp-block-heading has-text-color has-link-color wp-elements-b036aa00e52984f6f37d39069f523167\" style=\"color:#3db7b0\">Divulgation l\u00e9gale<\/h4>\n\n<p>Nous divulguerons toute information que nous collectons, utilisons ou recevons si la loi l&rsquo;exige ou le permet, par exemple pour nous conformer \u00e0 une citation \u00e0 compara\u00eetre ou \u00e0 une proc\u00e9dure judiciaire similaire, et lorsque nous croyons de bonne foi que la divulgation est n\u00e9cessaire pour prot\u00e9ger nos droits, assurer votre s\u00e9curit\u00e9 ou celle d&rsquo;autrui, enqu\u00eater sur une fraude ou r\u00e9pondre \u00e0 une demande gouvernementale.<\/p>\n\n<h4 class=\"wp-block-heading has-text-color has-link-color wp-elements-01d7b076ef6967a201e402a62a14a004\" style=\"color:#3db7b0\">Coordonn\u00e9es<\/h4>\n\n<p>Si vous souhaitez nous contacter pour en savoir plus sur cette politique ou pour r\u00e9soudre tout probl\u00e8me concernant les droits individuels et vos informations personnelles, vous pouvez nous envoyer un e-mail \u00e0 <a href=\"mailto:info@anduslim.com\">info@anduslim.com<\/a>.<\/p>\n\n<p><\/p>\n","protected":false},"excerpt":{"rendered":"<p>Le site web anduslim.com est la propri\u00e9t\u00e9 de Home Health Products Group, responsable du traitement de vos informations personnelles. Nous avons adopt\u00e9 cette politique de confidentialit\u00e9, qui explique comment nous traitons les informations collect\u00e9es par andufit.com et pourquoi nous devons collecter certaines donn\u00e9es personnelles vous concernant. Veuillez lire cette politique de confidentialit\u00e9 avant d&rsquo;utiliser le [&hellip;]<\/p>\n","protected":false},"author":1,"featured_media":0,"parent":0,"menu_order":0,"comment_status":"closed","ping_status":"closed","template":"","meta":{"footnotes":""},"class_list":["post-1342","page","type-page","status-publish","hentry"],"jetpack_sharing_enabled":true,"_links":{"self":[{"href":"https:\/\/www.anduslim.com\/fr\/wp-json\/wp\/v2\/pages\/1342","targetHints":{"allow":["GET"]}}],"collection":[{"href":"https:\/\/www.anduslim.com\/fr\/wp-json\/wp\/v2\/pages"}],"about":[{"href":"https:\/\/www.anduslim.com\/fr\/wp-json\/wp\/v2\/types\/page"}],"author":[{"embeddable":true,"href":"https:\/\/www.anduslim.com\/fr\/wp-json\/wp\/v2\/users\/1"}],"replies":[{"embeddable":true,"href":"https:\/\/www.anduslim.com\/fr\/wp-json\/wp\/v2\/comments?post=1342"}],"version-history":[{"count":2,"href":"https:\/\/www.anduslim.com\/fr\/wp-json\/wp\/v2\/pages\/1342\/revisions"}],"predecessor-version":[{"id":3396,"href":"https:\/\/www.anduslim.com\/fr\/wp-json\/wp\/v2\/pages\/1342\/revisions\/3396"}],"wp:attachment":[{"href":"https:\/\/www.anduslim.com\/fr\/wp-json\/wp\/v2\/media?parent=1342"}],"curies":[{"name":"wp","href":"https:\/\/api.w.org\/{rel}","templated":true}]}}