{"id":1482,"date":"2025-11-08T00:30:16","date_gmt":"2025-11-07T23:30:16","guid":{"rendered":"https:\/\/www.anduslim.com\/informativa-sulla-privacy\/"},"modified":"2025-12-17T14:20:46","modified_gmt":"2025-12-17T13:20:46","slug":"informativa-sulla-privacy","status":"publish","type":"page","link":"https:\/\/www.anduslim.com\/it\/informativa-sulla-privacy\/","title":{"rendered":"Informativa sulla privacy"},"content":{"rendered":"\n<p>Il sito web <a href=\"https:\/\/www.anduslim.com\/it\/\">anduslim.com<\/a> \u00e8 di propriet\u00e0 di <strong>Home Health Products Group<\/strong>, responsabile del trattamento dei tuoi dati personali. Abbiamo adottato questa politica sulla privacy, che spiega come trattiamo le informazioni raccolte da andufit.com e perch\u00e9 dobbiamo raccogliere determinati dati personali su di te. Si prega di leggere questa politica sulla privacy prima di utilizzare il sito web andufit.com. Teniamo alla sicurezza dei tuoi dati personali e ne garantiremo la riservatezza e la protezione.   <\/p>\n\n<h4 class=\"wp-block-heading has-text-color has-link-color wp-elements-2da11a814df0d7366f774f5739412018\" style=\"color:#3db7b0\">Informazioni personali<\/h4>\n\n<p>Quando visiti andufit.com, raccogliamo automaticamente alcune informazioni sul tuo dispositivo, tra cui il browser web, l&#8217;indirizzo IP, il fuso orario e alcuni dei cookie installati sul tuo dispositivo. Inoltre, mentre navighi nel sito, raccogliamo informazioni sulle pagine web o sui prodotti che visualizzi, sui siti web o sui termini di ricerca che ti hanno indirizzato al sito e su come interagisci con il sito. Ci riferiamo a queste informazioni raccolte automaticamente come &#8216;<strong>Dati del dispositivo<\/strong>&#8216;. Inoltre, potremmo raccogliere le informazioni personali che fornisci (inclusi nome, cognome, indirizzo, dettagli di pagamento, ecc.) durante la registrazione per adempiere al nostro accordo.   <\/p>\n\n<h4 class=\"wp-block-heading has-text-color has-link-color wp-elements-fb2e8e8a0db69bd6286ac380b645cea3\" style=\"color:#3db7b0\">Perch\u00e9 trattiamo i tuoi dati?<\/h4>\n\n<p>La nostra massima priorit\u00e0 \u00e8 la sicurezza dei dati dei clienti. Pertanto, trattiamo i dati minimi dell&#8217;utente, solo nella misura assolutamente necessaria per mantenere il sito web. Le informazioni raccolte automaticamente vengono utilizzate esclusivamente per identificare potenziali casi di abuso e per raccogliere informazioni statistiche sull&#8217;utilizzo del sito web. Queste informazioni statistiche non sono aggregate in modo tale da poter identificare un utente specifico. Puoi visitare il sito web senza rivelare la tua identit\u00e0 o fornire informazioni che potrebbero identificarti come individuo. Tuttavia, se desideri utilizzare alcune funzionalit\u00e0 del sito web, iscriverti alla nostra newsletter o fornire altri dettagli tramite un modulo, puoi fornire dati personali come il tuo indirizzo email, nome, cognome, luogo di residenza, organizzazione e numero di telefono. Puoi scegliere di non fornire dati personali, ma ci\u00f2 potrebbe limitare la tua capacit\u00e0 di utilizzare alcune funzionalit\u00e0 del sito web, come ricevere newsletter o contattarci direttamente. Gli utenti incerti su quali informazioni siano richieste possono contattarci all&#8217;indirizzo <a href=\"mailto:info@anduslim.com\">info@anduslim.com<\/a>.       <\/p>\n\n<h4 class=\"wp-block-heading has-text-color has-link-color wp-elements-551f551d2f0ee63a416385d6863df960\" style=\"color:#3db7b0\">I tuoi diritti<\/h4>\n\n<p>Se provieni dall&#8217;Europa, hai i seguenti diritti relativi ai tuoi dati personali:<\/p>\n\n<ul class=\"wp-block-list\">\n<li>Il diritto di essere informato.<\/li>\n\n\n\n<li>Il diritto di accesso.<\/li>\n\n\n\n<li>Il diritto di rettifica.<\/li>\n\n\n\n<li>Il diritto alla cancellazione.<\/li>\n\n\n\n<li>Il diritto di limitare il trattamento.<\/li>\n\n\n\n<li>Il diritto alla portabilit\u00e0 dei dati.<\/li>\n\n\n\n<li>Il diritto di opposizione.<\/li>\n\n\n\n<li>Diritti relativi al processo decisionale automatizzato e alla profilazione.<\/li>\n<\/ul>\n\n<p>Per esercitare questi diritti, contattaci utilizzando i dettagli di seguito. Se provieni dall&#8217;Europa, ti informiamo che trattiamo le tue informazioni per adempiere ai contratti che potremmo avere con te (ad esempio, se effettui un ordine tramite il sito) o altrimenti per perseguire i nostri legittimi interessi commerciali. Inoltre, tieni presente che le tue informazioni possono essere trasferite al di fuori dell&#8217;Europa, anche in Canada e negli Stati Uniti.  <\/p>\n\n<h4 class=\"wp-block-heading has-text-color has-link-color wp-elements-7b2b710c18dfbb0e7fd76ecc9d432c10\" style=\"color:#3db7b0\">Link ad altri siti web<\/h4>\n\n<p>Il nostro sito web pu\u00f2 contenere link ad altri siti web che non sono di nostra propriet\u00e0 o controllati da noi. Tieni presente che non siamo responsabili di tali siti web o delle pratiche sulla privacy di terzi. Ti invitiamo a tenerne conto quando lasci il nostro sito web e a leggere le dichiarazioni sulla privacy di ogni sito che potrebbe raccogliere informazioni personali.  <\/p>\n\n<h4 class=\"wp-block-heading has-text-color has-link-color wp-elements-68c28daacd7b9e5e4bf0793685085f85\" style=\"color:#3db7b0\">Sicurezza delle informazioni<\/h4>\n\n<p>Proteggiamo le informazioni che fornisci su server informatici in un ambiente controllato e sicuro, protetto da accessi, usi o divulgazioni non autorizzati. Adottiamo ragionevoli precauzioni amministrative, tecniche e fisiche per proteggere da accessi, usi, modifiche e divulgazioni non autorizzati dei dati personali sotto il nostro controllo. Tuttavia, nessuna trasmissione di dati su Internet o su una rete wireless pu\u00f2 essere garantita.  <\/p>\n\n<h4 class=\"wp-block-heading has-text-color has-link-color wp-elements-3b3ea6fa387ce0ca930ec49ca5210672\" style=\"color:#3db7b0\">Divulgazione legale<\/h4>\n\n<p>Divulgheremo qualsiasi informazione che raccogliamo, utilizziamo o riceviamo se richiesto o consentito dalla legge, ad esempio per ottemperare a un mandato di comparizione o a un procedimento legale simile, e quando riteniamo in buona fede che la divulgazione sia necessaria per proteggere i nostri diritti, garantire la tua sicurezza o quella di altri, indagare su frodi o rispondere a una richiesta governativa.<\/p>\n\n<h4 class=\"wp-block-heading has-text-color has-link-color wp-elements-862e4e4fce2747c10dfe2a165bcf9bb2\" style=\"color:#3db7b0\">Informazioni di contatto<\/h4>\n\n<p>Se desideri contattarci per saperne di pi\u00f9 su questa politica o per affrontare qualsiasi problema relativo ai diritti individuali e alle tue informazioni personali, puoi inviarci un&#8217;email all&#8217;indirizzo <a href=\"mailto:info@anduslim.com\">info@anduslim.com<\/a>.<\/p>\n\n<p><\/p>\n","protected":false},"excerpt":{"rendered":"<p>Il sito web anduslim.com \u00e8 di propriet\u00e0 di Home Health Products Group, responsabile del trattamento dei tuoi dati personali. Abbiamo adottato questa politica sulla privacy, che spiega come trattiamo le informazioni raccolte da andufit.com e perch\u00e9 dobbiamo raccogliere determinati dati personali su di te. Si prega di leggere questa politica sulla privacy prima di utilizzare [&hellip;]<\/p>\n","protected":false},"author":1,"featured_media":0,"parent":0,"menu_order":0,"comment_status":"closed","ping_status":"closed","template":"","meta":{"footnotes":""},"class_list":["post-1482","page","type-page","status-publish","hentry"],"jetpack_sharing_enabled":true,"_links":{"self":[{"href":"https:\/\/www.anduslim.com\/it\/wp-json\/wp\/v2\/pages\/1482","targetHints":{"allow":["GET"]}}],"collection":[{"href":"https:\/\/www.anduslim.com\/it\/wp-json\/wp\/v2\/pages"}],"about":[{"href":"https:\/\/www.anduslim.com\/it\/wp-json\/wp\/v2\/types\/page"}],"author":[{"embeddable":true,"href":"https:\/\/www.anduslim.com\/it\/wp-json\/wp\/v2\/users\/1"}],"replies":[{"embeddable":true,"href":"https:\/\/www.anduslim.com\/it\/wp-json\/wp\/v2\/comments?post=1482"}],"version-history":[{"count":2,"href":"https:\/\/www.anduslim.com\/it\/wp-json\/wp\/v2\/pages\/1482\/revisions"}],"predecessor-version":[{"id":3404,"href":"https:\/\/www.anduslim.com\/it\/wp-json\/wp\/v2\/pages\/1482\/revisions\/3404"}],"wp:attachment":[{"href":"https:\/\/www.anduslim.com\/it\/wp-json\/wp\/v2\/media?parent=1482"}],"curies":[{"name":"wp","href":"https:\/\/api.w.org\/{rel}","templated":true}]}}