{"id":1699,"date":"2025-11-10T09:03:33","date_gmt":"2025-11-10T08:03:33","guid":{"rendered":"https:\/\/www.anduslim.com\/termos-e-condicoes\/"},"modified":"2025-12-17T14:21:03","modified_gmt":"2025-12-17T13:21:03","slug":"termos-e-condicoes","status":"publish","type":"page","link":"https:\/\/www.anduslim.com\/pt-pt\/termos-e-condicoes\/","title":{"rendered":"Termos e condi\u00e7\u00f5es"},"content":{"rendered":"\n<p>Estes termos e condi\u00e7\u00f5es descrevem as regras e regulamentos para o uso do s\u00edtio Web da Home Health Products Group, localizado em <a href=\"https:\/\/www.anduslim.com\/pt-pt\/\">anduslim.com<\/a>. Ao aceder a este s\u00edtio Web, assumimos que aceita estes termos e condi\u00e7\u00f5es. N\u00e3o continue a utilizar andufit.com se n\u00e3o concordar com todos os termos e condi\u00e7\u00f5es declarados nesta p\u00e1gina.  <\/p>\n\n<h4 class=\"wp-block-heading has-text-color has-link-color wp-elements-2891535fcf24367417954a8dfa64de2e\" style=\"color:#3db7b0\">Cookies<\/h4>\n\n<p>O nosso s\u00edtio Web utiliza cookies para personalizar a sua experi\u00eancia online. Ao aceder a andufit.com, concorda em utilizar os cookies necess\u00e1rios. Um cookie \u00e9 um ficheiro de texto colocado no seu disco r\u00edgido por um servidor de p\u00e1ginas Web. Os cookies n\u00e3o podem executar programas nem enviar v\u00edrus para o seu computador. Os cookies s\u00e3o atribu\u00eddos exclusivamente a si e s\u00f3 podem ser lidos por um servidor Web no dom\u00ednio que lhe emitiu o cookie. Podemos utilizar cookies para recolher, armazenar e rastrear informa\u00e7\u00f5es para fins estat\u00edsticos ou de marketing para operar o nosso s\u00edtio Web. Pode aceitar ou recusar cookies opcionais. Alguns cookies necess\u00e1rios s\u00e3o essenciais para o funcionamento do nosso s\u00edtio Web. Para estes cookies, o seu consentimento n\u00e3o \u00e9 necess\u00e1rio, pois funcionam sempre. Tenha em aten\u00e7\u00e3o que, ao aceitar os cookies necess\u00e1rios, tamb\u00e9m aceita cookies de terceiros que podem ser utilizados atrav\u00e9s de servi\u00e7os de terceiros integrados no nosso s\u00edtio Web, como uma janela de visualiza\u00e7\u00e3o de v\u00eddeo de terceiros.         <\/p>\n\n<h4 class=\"wp-block-heading has-text-color has-link-color wp-elements-51bc35e6a60bd22ffb23bb2d0174a96b\" style=\"color:#3db7b0\">Licen\u00e7a<\/h4>\n\n<p>Salvo indica\u00e7\u00e3o em contr\u00e1rio, a Home Health Products Group e\/ou os seus licenciadores det\u00eam os direitos de propriedade intelectual de todo o material em andufit.com. Todos os direitos de propriedade intelectual s\u00e3o reservados. Pode aceder a este material a partir de andufit.com para seu uso pessoal, sujeito \u00e0s restri\u00e7\u00f5es estabelecidas nestes termos e condi\u00e7\u00f5es.  <\/p>\n\n<p>N\u00e3o deve:<\/p>\n\n<ul class=\"wp-block-list\">\n<li>Republicar material de andufit.com<\/li>\n\n\n\n<li>Vender, alugar ou sublicenciar material de andufit.com<\/li>\n\n\n\n<li>Reproduzir, duplicar ou copiar material de andufit.com<\/li>\n\n\n\n<li>Redistribuir conte\u00fado de andufit.com<\/li>\n<\/ul>\n\n<p>Este acordo come\u00e7a nesta data.<\/p>\n\n<p>Partes deste s\u00edtio Web oferecem aos utilizadores a oportunidade de publicar e trocar opini\u00f5es e informa\u00e7\u00f5es em determinadas \u00e1reas. A Home Health Products Group n\u00e3o filtra, edita, publica ou rev\u00ea os Coment\u00e1rios antes da sua presen\u00e7a no s\u00edtio Web. Os Coment\u00e1rios n\u00e3o refletem as opini\u00f5es da Home Health Products Group, dos seus agentes e\/ou afiliados. Os Coment\u00e1rios refletem as opini\u00f5es da pessoa que os publica. Na medida do permitido pelas leis aplic\u00e1veis, a Home Health Products Group n\u00e3o ser\u00e1 respons\u00e1vel pelos Coment\u00e1rios ou por qualquer responsabilidade, danos ou despesas causados e\/ou sofridos como resultado de qualquer utiliza\u00e7\u00e3o e\/ou publica\u00e7\u00e3o e\/ou apar\u00eancia dos Coment\u00e1rios neste s\u00edtio Web.    <\/p>\n\n<h4 class=\"wp-block-heading has-text-color has-link-color wp-elements-f8c5f68201e4c4e49729a910e78ce2b3\" style=\"color:#3db7b0\">Hiperliga\u00e7\u00f5es<\/h4>\n\n<p>Certas organiza\u00e7\u00f5es podem criar liga\u00e7\u00f5es para o nosso s\u00edtio Web sem aprova\u00e7\u00e3o pr\u00e9via por escrito, incluindo:<\/p>\n\n<ul class=\"wp-block-list\">\n<li>Ag\u00eancias governamentais<\/li>\n\n\n\n<li>Motores de busca<\/li>\n\n\n\n<li>Organiza\u00e7\u00f5es de not\u00edcias<\/li>\n\n\n\n<li>Distribuidores de diret\u00f3rios online<\/li>\n\n\n\n<li>Empresas acreditadas, exceto organiza\u00e7\u00f5es sem fins lucrativos, centros comerciais de caridade e grupos de angaria\u00e7\u00e3o de fundos de caridade<\/li>\n<\/ul>\n\n<p>Outros pedidos de liga\u00e7\u00e3o ser\u00e3o considerados caso a caso.<\/p>\n\n<h4 class=\"wp-block-heading has-text-color has-link-color wp-elements-042420b3a8b6cabdf4edc3dc25d2363c\" style=\"color:#3db7b0\">Responsabilidade pelo conte\u00fado<\/h4>\n\n<p>N\u00e3o seremos responsabilizados por qualquer conte\u00fado que apare\u00e7a no seu s\u00edtio Web. Concorda em proteger-nos e defender-nos contra todas as reclama\u00e7\u00f5es decorrentes do seu s\u00edtio Web. Nenhuma liga\u00e7\u00e3o deve aparecer em qualquer s\u00edtio Web que possa ser interpretado como difamat\u00f3rio, obsceno ou criminoso ou que infrinja ou viole de outra forma quaisquer direitos de terceiros.  <\/p>\n\n<h4 class=\"wp-block-heading has-text-color has-link-color wp-elements-41e621e657e440e4d9e6a779c02b2077\" style=\"color:#3db7b0\">Exonera\u00e7\u00e3o de responsabilidade<\/h4>\n\n<p>Na medida m\u00e1xima permitida pela lei aplic\u00e1vel, exclu\u00edmos todas as representa\u00e7\u00f5es, garantias e condi\u00e7\u00f5es relativas ao nosso s\u00edtio Web e \u00e0 utiliza\u00e7\u00e3o deste s\u00edtio Web. Nada nesta exonera\u00e7\u00e3o de responsabilidade ir\u00e1: <\/p>\n\n<ul class=\"wp-block-list\">\n<li>Limitar ou excluir a nossa ou a sua responsabilidade por morte ou danos pessoais<\/li>\n\n\n\n<li>Limitar ou excluir a nossa ou a sua responsabilidade por fraude ou deturpa\u00e7\u00e3o fraudulenta<\/li>\n\n\n\n<li>Excluir quaisquer responsabilidades que n\u00e3o possam ser exclu\u00eddas ao abrigo da lei aplic\u00e1vel<\/li>\n<\/ul>\n\n<p>Enquanto o s\u00edtio Web e as informa\u00e7\u00f5es e servi\u00e7os no s\u00edtio Web forem fornecidos gratuitamente, n\u00e3o seremos respons\u00e1veis por qualquer perda ou dano de qualquer natureza.<\/p>\n\n<p><\/p>\n","protected":false},"excerpt":{"rendered":"<p>Estes termos e condi\u00e7\u00f5es descrevem as regras e regulamentos para o uso do s\u00edtio Web da Home Health Products Group, localizado em anduslim.com. Ao aceder a este s\u00edtio Web, assumimos que aceita estes termos e condi\u00e7\u00f5es. N\u00e3o continue a utilizar andufit.com se n\u00e3o concordar com todos os termos e condi\u00e7\u00f5es declarados nesta p\u00e1gina. Cookies O [&hellip;]<\/p>\n","protected":false},"author":2,"featured_media":0,"parent":0,"menu_order":0,"comment_status":"closed","ping_status":"closed","template":"","meta":{"footnotes":""},"class_list":["post-1699","page","type-page","status-publish","hentry"],"jetpack_sharing_enabled":true,"_links":{"self":[{"href":"https:\/\/www.anduslim.com\/pt-pt\/wp-json\/wp\/v2\/pages\/1699","targetHints":{"allow":["GET"]}}],"collection":[{"href":"https:\/\/www.anduslim.com\/pt-pt\/wp-json\/wp\/v2\/pages"}],"about":[{"href":"https:\/\/www.anduslim.com\/pt-pt\/wp-json\/wp\/v2\/types\/page"}],"author":[{"embeddable":true,"href":"https:\/\/www.anduslim.com\/pt-pt\/wp-json\/wp\/v2\/users\/2"}],"replies":[{"embeddable":true,"href":"https:\/\/www.anduslim.com\/pt-pt\/wp-json\/wp\/v2\/comments?post=1699"}],"version-history":[{"count":2,"href":"https:\/\/www.anduslim.com\/pt-pt\/wp-json\/wp\/v2\/pages\/1699\/revisions"}],"predecessor-version":[{"id":3406,"href":"https:\/\/www.anduslim.com\/pt-pt\/wp-json\/wp\/v2\/pages\/1699\/revisions\/3406"}],"wp:attachment":[{"href":"https:\/\/www.anduslim.com\/pt-pt\/wp-json\/wp\/v2\/media?parent=1699"}],"curies":[{"name":"wp","href":"https:\/\/api.w.org\/{rel}","templated":true}]}}