{"id":1721,"date":"2025-11-08T00:30:16","date_gmt":"2025-11-07T23:30:16","guid":{"rendered":"https:\/\/www.anduslim.com\/politica-de-privacidade\/"},"modified":"2025-12-17T14:16:34","modified_gmt":"2025-12-17T13:16:34","slug":"politica-de-privacidade","status":"publish","type":"page","link":"https:\/\/www.anduslim.com\/pt-pt\/politica-de-privacidade\/","title":{"rendered":"Pol\u00edtica de privacidade"},"content":{"rendered":"\n<p>O s\u00edtio Web <a href=\"https:\/\/www.anduslim.com\/pt-pt\/\">anduslim.com<\/a> \u00e9 propriedade da <strong>Home Health Products Group<\/strong>, um controlador de dados das suas informa\u00e7\u00f5es pessoais. Adot\u00e1mos esta pol\u00edtica de privacidade, que explica como processamos as informa\u00e7\u00f5es recolhidas pelo andufit.com e por que motivo devemos recolher determinados dados pessoais sobre si. Leia esta pol\u00edtica de privacidade antes de utilizar o s\u00edtio Web andufit.com. Preocupamo-nos com os seus dados pessoais e garantiremos a sua confidencialidade e seguran\u00e7a.   <\/p>\n\n<h4 class=\"wp-block-heading has-text-color has-link-color wp-elements-a8053367c3260a76fb9fc52c2f744d26\" style=\"color:#3db7b0\">Informa\u00e7\u00e3o pessoal<\/h4>\n\n<p>Quando visita o andufit.com, recolhemos automaticamente determinadas informa\u00e7\u00f5es sobre o seu dispositivo, incluindo o seu navegador Web, endere\u00e7o IP, fuso hor\u00e1rio e alguns dos cookies instalados no seu dispositivo. Al\u00e9m disso, enquanto navega no site, recolhemos informa\u00e7\u00f5es sobre as p\u00e1ginas Web ou produtos que visualiza, os s\u00edtios Web ou termos de pesquisa que o remeteram para o site e como interage com o site. Referimo-nos a estas informa\u00e7\u00f5es recolhidas automaticamente como &#8216;<g id=\"gid_0\">Dados do Dispositivo<\/g>&#8216;. Al\u00e9m disso, podemos recolher as informa\u00e7\u00f5es pessoais que fornece (incluindo o seu nome pr\u00f3prio, apelido, endere\u00e7o, detalhes de pagamento, etc.) durante o registo para cumprir o nosso contrato.   <\/p>\n\n<h4 class=\"wp-block-heading has-text-color has-link-color wp-elements-7d315158188b518b835e38e740aac559\" style=\"color:#3db7b0\">Por que motivo processamos os seus dados?<\/h4>\n\n<p>A nossa principal prioridade \u00e9 a seguran\u00e7a dos dados dos clientes. Por conseguinte, processamos dados m\u00ednimos do utilizador, apenas o estritamente necess\u00e1rio para manter o s\u00edtio Web. As informa\u00e7\u00f5es recolhidas automaticamente s\u00e3o utilizadas exclusivamente para identificar potenciais casos de utiliza\u00e7\u00e3o abusiva e para recolher informa\u00e7\u00f5es estat\u00edsticas sobre a utiliza\u00e7\u00e3o do s\u00edtio Web. Estas informa\u00e7\u00f5es estat\u00edsticas n\u00e3o s\u00e3o agregadas de forma a poder identificar qualquer utilizador espec\u00edfico. Pode visitar o s\u00edtio Web sem revelar a sua identidade ou fornecer qualquer informa\u00e7\u00e3o que o possa identificar como um indiv\u00edduo. No entanto, se pretender utilizar algumas funcionalidades do s\u00edtio Web, subscrever a nossa newsletter ou fornecer outros detalhes atrav\u00e9s de um formul\u00e1rio, poder\u00e1 fornecer dados pessoais como o seu endere\u00e7o de e-mail, nome pr\u00f3prio, apelido, local de resid\u00eancia, organiza\u00e7\u00e3o e n\u00famero de telefone. Pode optar por n\u00e3o fornecer dados pessoais, mas isso pode limitar a sua capacidade de utilizar algumas funcionalidades do s\u00edtio Web, como receber newsletters ou contactar-nos diretamente. Os utilizadores que n\u00e3o tiverem a certeza sobre quais as informa\u00e7\u00f5es necess\u00e1rias podem contactar-nos atrav\u00e9s do endere\u00e7o <a href=\"mailto:info@anduslim.com\">info@anduslim.com<\/a>.       <\/p>\n\n<h4 class=\"wp-block-heading has-text-color has-link-color wp-elements-f4a971ebd1f71c067c5ba4d765701f83\" style=\"color:#3db7b0\">Os seus direitos<\/h4>\n\n<p>Se for da Europa, tem os seguintes direitos relativamente aos seus dados pessoais:<\/p>\n\n<ul class=\"wp-block-list\">\n<li>O direito a ser informado.<\/li>\n\n\n\n<li>O direito de acesso.<\/li>\n\n\n\n<li>O direito de retifica\u00e7\u00e3o.<\/li>\n\n\n\n<li>O direito ao apagamento.<\/li>\n\n\n\n<li>O direito de restringir o processamento.<\/li>\n\n\n\n<li>O direito \u00e0 portabilidade dos dados.<\/li>\n\n\n\n<li>O direito de obje\u00e7\u00e3o.<\/li>\n\n\n\n<li>Direitos relativos \u00e0 tomada de decis\u00f5es e \u00e0 defini\u00e7\u00e3o de perfis automatizadas.<\/li>\n<\/ul>\n\n<p>Para exercer estes direitos, contacte-nos utilizando os detalhes abaixo. Se for da Europa, notamos que processamos as suas informa\u00e7\u00f5es para cumprir os contratos que possamos ter consigo (por exemplo, se fizer uma encomenda atrav\u00e9s do site) ou, de outra forma, para prosseguir os nossos leg\u00edtimos interesses comerciais. Al\u00e9m disso, note que as suas informa\u00e7\u00f5es podem ser transferidas para fora da Europa, incluindo para o Canad\u00e1 e os Estados Unidos.  <\/p>\n\n<h4 class=\"wp-block-heading has-text-color has-link-color wp-elements-bbaec659c6d035f752a8a65a1ff90fa5\" style=\"color:#3db7b0\">Liga\u00e7\u00f5es para outros s\u00edtios Web<\/h4>\n\n<p>O nosso s\u00edtio Web pode conter liga\u00e7\u00f5es para outros s\u00edtios Web que n\u00e3o s\u00e3o detidos ou controlados por n\u00f3s. Esteja ciente de que n\u00e3o somos respons\u00e1veis por esses s\u00edtios Web ou pelas pr\u00e1ticas de privacidade de terceiros. Recomendamos que esteja ciente disto quando sair do nosso s\u00edtio Web e que leia as declara\u00e7\u00f5es de privacidade de cada site que possa recolher informa\u00e7\u00f5es pessoais.  <\/p>\n\n<h4 class=\"wp-block-heading has-text-color has-link-color wp-elements-a26183eeda9d6243712ea4d1584c2f0b\" style=\"color:#3db7b0\">Seguran\u00e7a da informa\u00e7\u00e3o<\/h4>\n\n<p>Protegemos as informa\u00e7\u00f5es que fornece em servidores inform\u00e1ticos num ambiente controlado e seguro, protegido contra acesso, utiliza\u00e7\u00e3o ou divulga\u00e7\u00e3o n\u00e3o autorizados. Tomamos precau\u00e7\u00f5es administrativas, t\u00e9cnicas e f\u00edsicas razo\u00e1veis para proteger contra o acesso, utiliza\u00e7\u00e3o, modifica\u00e7\u00e3o e divulga\u00e7\u00e3o n\u00e3o autorizados de dados pessoais sob o nosso controlo. No entanto, nenhuma transmiss\u00e3o de dados atrav\u00e9s da Internet ou de uma rede sem fios pode ser garantida.  <\/p>\n\n<h4 class=\"wp-block-heading has-text-color has-link-color wp-elements-9691a4d4fc9e0c76c011f186d9215013\" style=\"color:#3db7b0\">Divulga\u00e7\u00e3o legal<\/h4>\n\n<p>Divulgaremos qualquer informa\u00e7\u00e3o que recolhemos, utilizamos ou recebemos, se exigido ou permitido por lei, como para cumprir uma intima\u00e7\u00e3o ou processo legal semelhante, e quando acreditarmos de boa f\u00e9 que a divulga\u00e7\u00e3o \u00e9 necess\u00e1ria para proteger os nossos direitos, garantir a sua seguran\u00e7a ou a de outros, investigar fraudes ou responder a um pedido do governo.<\/p>\n\n<h4 class=\"wp-block-heading has-text-color has-link-color wp-elements-aa386f1d4dc4af59a36541db60388f75\" style=\"color:#3db7b0\">Informa\u00e7\u00f5es de contacto<\/h4>\n\n<p>Se desejar contactar-nos para saber mais sobre esta pol\u00edtica ou para resolver quaisquer problemas relacionados com os direitos individuais e as suas informa\u00e7\u00f5es pessoais, pode enviar-nos um e-mail para <a href=\"mailto:info@anduslim.com\">info@anduslim.com<\/a>.<\/p>\n\n<p><\/p>\n","protected":false},"excerpt":{"rendered":"<p>O s\u00edtio Web anduslim.com \u00e9 propriedade da Home Health Products Group, um controlador de dados das suas informa\u00e7\u00f5es pessoais. Adot\u00e1mos esta pol\u00edtica de privacidade, que explica como processamos as informa\u00e7\u00f5es recolhidas pelo andufit.com e por que motivo devemos recolher determinados dados pessoais sobre si. Leia esta pol\u00edtica de privacidade antes de utilizar o s\u00edtio Web [&hellip;]<\/p>\n","protected":false},"author":1,"featured_media":0,"parent":0,"menu_order":0,"comment_status":"closed","ping_status":"closed","template":"","meta":{"footnotes":""},"class_list":["post-1721","page","type-page","status-publish","hentry"],"jetpack_sharing_enabled":true,"_links":{"self":[{"href":"https:\/\/www.anduslim.com\/pt-pt\/wp-json\/wp\/v2\/pages\/1721","targetHints":{"allow":["GET"]}}],"collection":[{"href":"https:\/\/www.anduslim.com\/pt-pt\/wp-json\/wp\/v2\/pages"}],"about":[{"href":"https:\/\/www.anduslim.com\/pt-pt\/wp-json\/wp\/v2\/types\/page"}],"author":[{"embeddable":true,"href":"https:\/\/www.anduslim.com\/pt-pt\/wp-json\/wp\/v2\/users\/1"}],"replies":[{"embeddable":true,"href":"https:\/\/www.anduslim.com\/pt-pt\/wp-json\/wp\/v2\/comments?post=1721"}],"version-history":[{"count":2,"href":"https:\/\/www.anduslim.com\/pt-pt\/wp-json\/wp\/v2\/pages\/1721\/revisions"}],"predecessor-version":[{"id":3400,"href":"https:\/\/www.anduslim.com\/pt-pt\/wp-json\/wp\/v2\/pages\/1721\/revisions\/3400"}],"wp:attachment":[{"href":"https:\/\/www.anduslim.com\/pt-pt\/wp-json\/wp\/v2\/media?parent=1721"}],"curies":[{"name":"wp","href":"https:\/\/api.w.org\/{rel}","templated":true}]}}